{"id":329,"date":"2022-03-09T05:57:21","date_gmt":"2022-03-09T08:57:21","guid":{"rendered":"https:\/\/ciberingenieria.com.ar\/index.php\/about\/"},"modified":"2023-11-22T08:50:45","modified_gmt":"2023-11-22T11:50:45","slug":"quienessomos","status":"publish","type":"page","link":"https:\/\/ciberingenieria.com.ar\/index.php\/quienessomos\/","title":{"rendered":"Qui\u00e9nes somos"},"content":{"rendered":"\n<div class=\"wp-block-uagb-container uagb-block-5bcd3bdc alignfull uagb-is-root-container\"><div class=\"uagb-container-inner-blocks-wrap\">\n<div class=\"wp-block-uagb-advanced-heading uagb-block-7f5c9a96\"><h1 class=\"uagb-heading-text\">Sobre Nosotros<\/h1><\/div>\n<\/div><\/div>\n\n\n\n<div class=\"wp-block-uagb-container uagb-block-09cfb19f alignfull uagb-is-root-container\"><div class=\"uagb-container-inner-blocks-wrap\">\n<div class=\"wp-block-uagb-info-box uagb-block-61fc5e1a uagb-infobox__content-wrap  uagb-infobox-icon-above-title uagb-infobox-image-valign-top\"><div class=\"uagb-ifb-content\"><div class=\"uagb-ifb-title-wrap\"><h2 class=\"uagb-ifb-title\">Somos profesionales que se re\u00fanen para responder a la necesidad de soluciones s\u00f3lidas e integrales en ciberseguridad.<\/h2><\/div><div class=\"uagb-ifb-separator\"><\/div><\/div><\/div>\n\n\n\n<div class=\"wp-block-uagb-advanced-heading uagb-block-6796fb13\" id=\"ancla\"><h2 class=\"uagb-heading-text\">Contexto<\/h2><\/div>\n\n\n\n<div class=\"wp-block-uagb-container uagb-block-5bfbb5b0\">\n<div class=\"wp-block-uagb-container uagb-block-6b57c33b\">\n<p style=\"margin-top:0;margin-right:0;margin-bottom:0;margin-left:0;padding-top:0;padding-right:0;padding-bottom:0;padding-left:0;font-size:17px\">Las empresas de todos los tama\u00f1os enfrentan amenazas constantes que pueden poner en peligro su informaci\u00f3n, su reputaci\u00f3n, continuidad y su \u00e9xito. En <a rel=\"noreferrer noopener\" href=\"https:\/\/ciberingenieria.com.ar\/\" target=\"_blank\">Ciberingenier\u00eda<\/a>, nos dedicamos a ayudarte a enfrentar estos desaf\u00edos.<\/p>\n\n\n\n<p style=\"margin-top:0;margin-right:0;margin-bottom:0;margin-left:0;padding-top:0;padding-right:0;padding-bottom:0;padding-left:0;font-size:17px\">Fundada por un equipo de expertos en seguridad cibern\u00e9tica con antecedentes en sistemas, gesti\u00f3n de tecnolog\u00eda y procesos de negocio, <a rel=\"noreferrer noopener\" href=\"https:\/\/ciberingenieria.com.ar\/\" target=\"_blank\">Ciberingenier\u00eda<\/a> ofrece soluciones de seguridad personalizadas dise\u00f1adas para proteger a tu empresa en el complejo entorno digital de hoy.<\/p>\n\n\n\n<p style=\"margin-top:0;margin-right:0;margin-bottom:0;margin-left:0;padding-top:0;padding-right:0;padding-bottom:0;padding-left:0;font-size:17px\">Cada uno de nuestros servicios est\u00e1 dise\u00f1ado con un enfoque integral y personalizado, asegurando que podamos satisfacer las necesidades espec\u00edficas de tu negocio y proporcionar una protecci\u00f3n efectiva contra las amenazas cibern\u00e9ticas y f\u00edsicas.<\/p>\n\n\n\n<p class=\"has-ast-global-color-6-color has-text-color\" style=\"margin-top:0;margin-right:0;margin-bottom:0;margin-left:0;padding-top:0;padding-right:0;padding-bottom:0;padding-left:0;font-size:17px\">No importa el tama\u00f1o de tu empresa o el sector en el que operas, en <a rel=\"noreferrer noopener\" href=\"https:\/\/ciberingenieria.com.ar\/\" target=\"_blank\">Ciberingenier\u00eda<\/a> estamos comprometidos a brindarte las herramientas y los recursos que necesitas para proteger tu mundo digital. Porque entendemos que la seguridad de tu informaci\u00f3n es fundamental para el \u00e9xito de tu negocio.<\/p>\n\n\n\n<p class=\"has-ast-global-color-6-color has-text-color\" style=\"margin-top:0;margin-right:0;margin-bottom:0;margin-left:0;padding-top:0;padding-right:0;padding-bottom:0;padding-left:0;font-size:17px\">Te invitamos a explorar nuestra p\u00e1gina para conocer m\u00e1s sobre nuestros servicios y c\u00f3mo podemos ayudarte. Si tienes alguna pregunta o te gustar\u00eda programar una consulta, no dudes en ponerte en <a href=\"https:\/\/ciberingenieria.com.ar\/index.php\/contacto\/\" target=\"_blank\" rel=\"noreferrer noopener\">contacto<\/a> con nosotros.<\/p>\n\n\n\n<p class=\"has-ast-global-color-7-color has-text-color\" style=\"margin-top:var(--wp--preset--spacing--20);margin-right:var(--wp--preset--spacing--20);margin-bottom:var(--wp--preset--spacing--20);margin-left:var(--wp--preset--spacing--20);padding-top:var(--wp--preset--spacing--40);padding-right:var(--wp--preset--spacing--40);padding-bottom:var(--wp--preset--spacing--40);padding-left:var(--wp--preset--spacing--40);font-size:25px;line-height:1.4\">Estamos aqu\u00ed para brindarte seguridad<\/p>\n<\/div>\n<\/div>\n<\/div><\/div>\n\n\n\n<div class=\"wp-block-uagb-container uagb-block-abecea25 alignwide uagb-is-root-container\">\n<div class=\"wp-block-uagb-container uagb-block-54cfdd20\">\n<div class=\"wp-block-uagb-container uagb-block-bd55efdb\">\n<div class=\"wp-block-uagb-advanced-heading uagb-block-9179d1bb\"><h6 class=\"uagb-heading-text\">Misi\u00f3n<\/h6><\/div>\n<\/div>\n\n\n\n<div class=\"wp-block-uagb-container uagb-block-50c1593d\">\n<div class=\"wp-block-uagb-info-box uagb-block-3352453a uagb-infobox__content-wrap  uagb-infobox-icon-above-title uagb-infobox-image-valign-top\"><div class=\"uagb-ifb-content\"><div class=\"uagb-ifb-title-wrap\"><div class=\"uagb-ifb-separator\"><\/div><\/div><p class=\"uagb-ifb-desc\">Nuestro prop\u00f3sito es <strong>salvaguardar la integridad digital<\/strong> de nuestros clientes y <strong>proteger sus activos de informaci\u00f3n<\/strong> m\u00e1s valiosos. En <a rel=\"noreferrer noopener\" href=\"https:\/\/ciberingenieria.com.ar\/\" target=\"_blank\">CiberIngenier\u00eda<\/a>, nos comprometemos a ofrecer soluciones de ciberseguridad y gesti\u00f3n de la informaci\u00f3n <strong>adaptadas a las necesidades \u00fanicas de cada organizaci\u00f3n<\/strong>. Abordamos tanto los <strong>aspectos t\u00e9cnicos<\/strong> <strong>como<\/strong> los <strong>procedimentales<\/strong>, realizando un aporte de valor integral para su organizaci\u00f3n. Nuestra dedicaci\u00f3n se centra en brindar tranquilidad a nuestros clientes, asegurando el <strong>cumplimiento normativo<\/strong> en cada contexto y manteniendo los m\u00e1s altos est\u00e1ndares de <strong>seguridad y calidad<\/strong>.<\/p><\/div><\/div>\n<\/div>\n<\/div>\n\n\n\n<div class=\"wp-block-uagb-container uagb-block-15a2509a\">\n<div class=\"wp-block-uagb-container uagb-block-c9a48096\">\n<div class=\"wp-block-uagb-advanced-heading uagb-block-e3b662c1\"><h6 class=\"uagb-heading-text\">Visi\u00f3n<\/h6><\/div>\n<\/div>\n\n\n\n<div class=\"wp-block-uagb-container uagb-block-4232d214\">\n<div class=\"wp-block-uagb-info-box uagb-block-e052cd16 uagb-infobox__content-wrap  uagb-infobox-icon-above-title uagb-infobox-image-valign-top\"><div class=\"uagb-ifb-content\"><div class=\"uagb-ifb-title-wrap\"><div class=\"uagb-ifb-separator\"><\/div><\/div><p class=\"uagb-ifb-desc\">Nos proyectamos y trabajamos para ser l\u00edderes en el campo de la ciberseguridad y gesti\u00f3n de la informaci\u00f3n, <strong>reconocidos por<\/strong> nuestra <strong>excelencia<\/strong>, <strong>enfoque multidisciplinar<\/strong>, y <strong>vanguardia<\/strong> en la protecci\u00f3n de datos y procesos cr\u00edticos para organizaciones de todos los sectores. Nuestra visi\u00f3n es ser el <strong>socio<\/strong> <strong>confiable<\/strong> y preferido de nuestros clientes <strong>en su camino hacia una transformaci\u00f3n digital segura y exitosa<\/strong> en un mundo cada vez m\u00e1s conectado.<\/p><\/div><\/div>\n<\/div>\n<\/div>\n<\/div>\n\n\n\n<div class=\"wp-block-uagb-advanced-heading uagb-block-4e2a84b6\"><h2 class=\"uagb-heading-text\">Nuestro equipo<\/h2><\/div>\n\n\n\n<div class=\"wp-block-uagb-container uagb-block-b48c24eb alignfull uagb-is-root-container\"><div class=\"uagb-container-inner-blocks-wrap\">\n<div class=\"wp-block-columns is-layout-flex wp-container-10 wp-block-columns-is-layout-flex\">\n<div class=\"wp-block-column is-layout-flow wp-block-column-is-layout-flow\">\n<div class=\"wp-block-uagb-image uagb-block-fb5c7901 wp-block-uagb-image--layout-default wp-block-uagb-image--effect-static wp-block-uagb-image--align-none\"><figure class=\"wp-block-uagb-image__figure\"><img decoding=\"async\" srcset=\"https:\/\/ciberingenieria.com.ar\/wp-content\/uploads\/2023\/09\/Perfil-Die-B-y-N-Cuadrada-1024x1024.jpg , https:\/\/ciberingenieria.com.ar\/wp-content\/uploads\/2023\/09\/Perfil-Die-B-y-N-Cuadrada-1024x1024.jpg 360w\" sizes=\"(max-width: 480px) 150px\" src=\"https:\/\/ciberingenieria.com.ar\/wp-content\/uploads\/2023\/09\/Perfil-Die-B-y-N-Cuadrada-1024x1024.jpg\" alt=\"\" class=\"uag-image-2019\" width=\"1024\" height=\"1024\" title=\"\" loading=\"lazy\"\/><\/figure><\/div>\n\n\n\n<div class=\"wp-block-uagb-advanced-heading uagb-block-05634626\"><h2 class=\"uagb-heading-text\">Diego Bellagamba<\/h2><\/div>\n\n\n\n<div class=\"wp-block-columns is-layout-flex wp-container-2 wp-block-columns-is-layout-flex\">\n<div class=\"wp-block-column is-layout-flow wp-block-column-is-layout-flow\" style=\"border-style:none;border-width:0px;padding-top:0;padding-right:0;padding-bottom:0;padding-left:0\">\n<p class=\"has-text-align-left\">Profesional con m\u00e1s de dos d\u00e9cadas de experiencia en el \u00e1mbito de las Tecnolog\u00edas de la Informaci\u00f3n y Comunicaci\u00f3n (TIC&#8217;s). Su especializaci\u00f3n abarca la implementaci\u00f3n, mantenimiento y optimizaci\u00f3n de infraestructuras inform\u00e1ticas, con enfoque en asegurar la disponibilidad de servicios mediante el aprovechamiento de recursos y la tolerancia a fallos. Posee s\u00f3lidos conocimientos en virtualizaci\u00f3n, sistemas operativos, monitorizaci\u00f3n y conectividad.<\/p>\n\n\n\n<details class=\"wp-block-details\"><summary>Leer m\u00e1s<\/summary>\n<p>Ha liderado exitosos proyectos de migraci\u00f3n y actualizaci\u00f3n tecnol\u00f3gica en diversos entornos, incluyendo \u00e1mbitos universitarios, privados y p\u00fablicos. Su habilidad para resolver problemas t\u00e9cnicos complejos y mantener una infraestructura de TI eficiente y segura ha sido reconocida a lo largo de su carrera.<\/p>\n\n\n\n<p>Su formaci\u00f3n acad\u00e9mica incluye una Tecnicatura Superior en Programaci\u00f3n, y ha completado una variedad de cursos que fortalecen sus habilidades en diferentes \u00e1reas clave. Como parte del equipo, aporta una amplia experiencia y conocimientos t\u00e9cnicos, as\u00ed como una capacidad probada para liderar y contribuir al \u00e9xito de los proyectos tecnol\u00f3gicos de la empresa.<\/p>\n<\/details>\n<\/div>\n<\/div>\n<\/div>\n\n\n\n<div class=\"wp-block-column is-layout-flow wp-block-column-is-layout-flow\">\n<div class=\"wp-block-uagb-image uagb-block-289c6b76 wp-block-uagb-image--layout-default wp-block-uagb-image--effect-static wp-block-uagb-image--align-none\"><figure class=\"wp-block-uagb-image__figure\"><img decoding=\"async\" srcset=\"https:\/\/ciberingenieria.com.ar\/wp-content\/uploads\/2023\/09\/Perfil-Emi-B-y-N-1024x1024.jpg \" sizes=\"(max-width: 480px) 150px\" src=\"https:\/\/ciberingenieria.com.ar\/wp-content\/uploads\/2023\/09\/Perfil-Emi-B-y-N-1024x1024.jpg\" alt=\"\" class=\"uag-image-2017\" width=\"1024\" height=\"1024\" title=\"\" loading=\"lazy\"\/><\/figure><\/div>\n\n\n\n<div class=\"wp-block-uagb-advanced-heading uagb-block-215e7499\"><h2 class=\"uagb-heading-text\">Emilio Izarra<\/h2><\/div>\n\n\n\n<div class=\"wp-block-columns is-layout-flex wp-container-5 wp-block-columns-is-layout-flex\">\n<div class=\"wp-block-column is-layout-flow wp-block-column-is-layout-flow\" style=\"border-style:none;border-width:0px;padding-top:0;padding-right:0;padding-bottom:0;padding-left:0\">\n<p class=\"has-text-align-left\">Profesional que cuenta con m\u00e1s de dos d\u00e9cadas de experiencia en direcci\u00f3n y liderazgo de equipos tecnol\u00f3gicos. Su especializaci\u00f3n se encuentra en el campo de la ciberseguridad, administraci\u00f3n de bases de datos, virtualizaci\u00f3n y programaci\u00f3n. A lo largo de su trayectoria, ha tenido la oportunidad de trabajar en diversos \u00e1mbitos, incluyendo el universitario, gubernamental y privado.<\/p>\n\n\n\n<details class=\"wp-block-details\"><summary>Leer m\u00e1s<\/summary>\n<p>Actualmente, se desempe\u00f1a como Director de Coordinaci\u00f3n y Seguimiento Institucional en la Universidad Nacional de Tierra del Fuego (UNTDF). Previo a esta posici\u00f3n, ocup\u00f3 el cargo de Jefe de Seguridad de la Informaci\u00f3n en la misma universidad y tambi\u00e9n se desempe\u00f1\u00f3 como Director Provincial de Infraestructura en el Gobierno de Tierra del Fuego.<\/p>\n\n\n\n<p>Su formaci\u00f3n acad\u00e9mica consta de un M\u00e1ster en Direcci\u00f3n de Ciberseguridad, una Especializaci\u00f3n en Gesti\u00f3n de Tecnolog\u00edas e Ingenier\u00eda en Inform\u00e1tica. A trav\u00e9s de su carrera, se ha enfocado en impulsar la eficiencia operativa y la seguridad en entornos tecnol\u00f3gicos y cada vez m\u00e1s interconectados. Su pasi\u00f3n por la tecnolog\u00eda y su b\u00fasqueda continua de conocimientos lo convierten en un l\u00edder efectivo para enfrentar los desaf\u00edos en el campo de la inform\u00e1tica y la seguridad.<\/p>\n<\/details>\n<\/div>\n<\/div>\n<\/div>\n\n\n\n<div class=\"wp-block-column is-layout-flow wp-block-column-is-layout-flow\">\n<div class=\"wp-block-uagb-image uagb-block-4286ba6c wp-block-uagb-image--layout-default wp-block-uagb-image--effect-static wp-block-uagb-image--align-none\"><figure class=\"wp-block-uagb-image__figure\"><img decoding=\"async\" srcset=\"https:\/\/ciberingenieria.com.ar\/wp-content\/uploads\/2023\/09\/Perfil-Ceci-B-y-N-1024x1024.jpg \" sizes=\"(max-width: 480px) 150px\" src=\"https:\/\/ciberingenieria.com.ar\/wp-content\/uploads\/2023\/09\/Perfil-Ceci-B-y-N-1024x1024.jpg\" alt=\"\" class=\"uag-image-2016\" width=\"1024\" height=\"1024\" title=\"\" loading=\"lazy\"\/><\/figure><\/div>\n\n\n\n<div class=\"wp-block-uagb-advanced-heading uagb-block-d13e62dc\"><h2 class=\"uagb-heading-text\">Cecilia Manzano<\/h2><\/div>\n\n\n\n<div class=\"wp-block-columns is-layout-flex wp-container-8 wp-block-columns-is-layout-flex\">\n<div class=\"wp-block-column is-layout-flow wp-block-column-is-layout-flow\" style=\"border-style:none;border-width:0px;padding-top:0;padding-right:0;padding-bottom:0;padding-left:0\">\n<p class=\"has-text-align-left\">Profesional especializada en la mejora y optimizaci\u00f3n de procesos. Cuenta con experiencia en la gesti\u00f3n de sistemas de calidad integrados y se destaca en la Gesti\u00f3n por Procesos (BPM). En su trabajo, se enfoca en alcanzar una excelencia operativa, identificando oportunidades de mejora y redise\u00f1ando procesos mediante la aplicaci\u00f3n de metodolog\u00edas y soluciones pr\u00e1cticas, tecnol\u00f3gicas y adaptadas a las necesidades y caracter\u00edsticas de cada organizaci\u00f3n.<\/p>\n\n\n\n<details class=\"wp-block-details\"><summary>Leer m\u00e1s<\/summary>\n<p>Sus conocimientos abarcan tanto el \u00e1mbito privado como el sector universitario p\u00fablico, y cuenta con habilidades destacadas en la resoluci\u00f3n de problemas, relaciones interpersonales y en la capacitaci\u00f3n. Siempre se esfuerza por alcanzar resultados destacables en cada proyecto en el que participa. Su trayectoria hasta el momento ha incluido la implementaci\u00f3n y mantenimiento de normas ISO en la gesti\u00f3n de calidad y el impulso de mejoras en los procesos de servicios.<\/p>\n\n\n\n<p>Con una titulaci\u00f3n en Ingenier\u00eda Industrial y un M\u00e1ster en Gesti\u00f3n por Procesos para la Transformaci\u00f3n Digital, su objetivo es contribuir a la excelencia en la seguridad y gesti\u00f3n de la informaci\u00f3n para nuestros clientes, a trav\u00e9s de soluciones innovadoras y tecnol\u00f3gicas.<\/p>\n<\/details>\n<\/div>\n<\/div>\n<\/div>\n<\/div>\n\n\n\n<p><\/p>\n<\/div><\/div>\n\n\n\n<p><\/p>\n","protected":false},"excerpt":{"rendered":"<p>Sobre Nosotros Contexto Las empresas de todos los tama\u00f1os enfrentan amenazas constantes que pueden poner en peligro su informaci\u00f3n, su reputaci\u00f3n, continuidad y su \u00e9xito. En Ciberingenier\u00eda, nos dedicamos a ayudarte a enfrentar estos desaf\u00edos. Fundada por un equipo de expertos en seguridad cibern\u00e9tica con antecedentes en sistemas, gesti\u00f3n de tecnolog\u00eda y procesos de negocio, [&hellip;]<\/p>\n","protected":false},"author":1,"featured_media":0,"parent":0,"menu_order":0,"comment_status":"closed","ping_status":"closed","template":"","meta":{"_uag_custom_page_level_css":"","site-sidebar-layout":"no-sidebar","site-content-layout":"page-builder","ast-site-content-layout":"full-width-container","site-content-style":"unboxed","site-sidebar-style":"unboxed","ast-global-header-display":"","ast-banner-title-visibility":"","ast-main-header-display":"","ast-hfb-above-header-display":"","ast-hfb-below-header-display":"","ast-hfb-mobile-header-display":"","site-post-title":"disabled","ast-breadcrumbs-content":"","ast-featured-img":"disabled","footer-sml-layout":"","theme-transparent-header-meta":"","adv-header-id-meta":"","stick-header-meta":"","header-above-stick-meta":"","header-main-stick-meta":"","header-below-stick-meta":"","astra-migrate-meta-layouts":"set","ast-page-background-enabled":"default","ast-page-background-meta":{"desktop":{"background-color":"var(--ast-global-color-4)","background-image":"","background-repeat":"repeat","background-position":"center center","background-size":"auto","background-attachment":"scroll","background-type":"","background-media":"","overlay-type":"","overlay-color":"","overlay-opacity":"","overlay-gradient":""},"tablet":{"background-color":"","background-image":"","background-repeat":"repeat","background-position":"center center","background-size":"auto","background-attachment":"scroll","background-type":"","background-media":"","overlay-type":"","overlay-color":"","overlay-opacity":"","overlay-gradient":""},"mobile":{"background-color":"","background-image":"","background-repeat":"repeat","background-position":"center center","background-size":"auto","background-attachment":"scroll","background-type":"","background-media":"","overlay-type":"","overlay-color":"","overlay-opacity":"","overlay-gradient":""}},"ast-content-background-meta":{"desktop":{"background-color":"var(--ast-global-color-5)","background-image":"","background-repeat":"repeat","background-position":"center center","background-size":"auto","background-attachment":"scroll","background-type":"","background-media":"","overlay-type":"","overlay-color":"","overlay-opacity":"","overlay-gradient":""},"tablet":{"background-color":"var(--ast-global-color-5)","background-image":"","background-repeat":"repeat","background-position":"center center","background-size":"auto","background-attachment":"scroll","background-type":"","background-media":"","overlay-type":"","overlay-color":"","overlay-opacity":"","overlay-gradient":""},"mobile":{"background-color":"var(--ast-global-color-5)","background-image":"","background-repeat":"repeat","background-position":"center center","background-size":"auto","background-attachment":"scroll","background-type":"","background-media":"","overlay-type":"","overlay-color":"","overlay-opacity":"","overlay-gradient":""}},"_themeisle_gutenberg_block_has_review":false,"footnotes":""},"uagb_featured_image_src":{"full":false,"thumbnail":false,"medium":false,"medium_large":false,"large":false,"1536x1536":false,"2048x2048":false},"uagb_author_info":{"display_name":"CeciliaManzano","author_link":"https:\/\/ciberingenieria.com.ar\/index.php\/author\/ceciliamanzano\/"},"uagb_comment_info":0,"uagb_excerpt":"Sobre Nosotros Contexto Las empresas de todos los tama\u00f1os enfrentan amenazas constantes que pueden poner en peligro su informaci\u00f3n, su reputaci\u00f3n, continuidad y su \u00e9xito. En Ciberingenier\u00eda, nos dedicamos a ayudarte a enfrentar estos desaf\u00edos. Fundada por un equipo de expertos en seguridad cibern\u00e9tica con antecedentes en sistemas, gesti\u00f3n de tecnolog\u00eda y procesos de negocio,&hellip;","_links":{"self":[{"href":"https:\/\/ciberingenieria.com.ar\/index.php\/wp-json\/wp\/v2\/pages\/329"}],"collection":[{"href":"https:\/\/ciberingenieria.com.ar\/index.php\/wp-json\/wp\/v2\/pages"}],"about":[{"href":"https:\/\/ciberingenieria.com.ar\/index.php\/wp-json\/wp\/v2\/types\/page"}],"author":[{"embeddable":true,"href":"https:\/\/ciberingenieria.com.ar\/index.php\/wp-json\/wp\/v2\/users\/1"}],"replies":[{"embeddable":true,"href":"https:\/\/ciberingenieria.com.ar\/index.php\/wp-json\/wp\/v2\/comments?post=329"}],"version-history":[{"count":135,"href":"https:\/\/ciberingenieria.com.ar\/index.php\/wp-json\/wp\/v2\/pages\/329\/revisions"}],"predecessor-version":[{"id":3606,"href":"https:\/\/ciberingenieria.com.ar\/index.php\/wp-json\/wp\/v2\/pages\/329\/revisions\/3606"}],"wp:attachment":[{"href":"https:\/\/ciberingenieria.com.ar\/index.php\/wp-json\/wp\/v2\/media?parent=329"}],"curies":[{"name":"wp","href":"https:\/\/api.w.org\/{rel}","templated":true}]}}