{"id":2094,"date":"2023-09-19T14:14:36","date_gmt":"2023-09-19T17:14:36","guid":{"rendered":"https:\/\/ciberingenieria.com.ar\/?page_id=2094"},"modified":"2023-11-22T09:32:04","modified_gmt":"2023-11-22T12:32:04","slug":"asesoramiento-y-estrategia","status":"publish","type":"page","link":"https:\/\/ciberingenieria.com.ar\/index.php\/asesoramiento-y-estrategia\/","title":{"rendered":"Asesoramiento y Estrategia"},"content":{"rendered":"\n<div class=\"wp-block-uagb-advanced-heading uagb-block-013fa0f3\"><h2 class=\"uagb-heading-text\">Asesoramiento y Estrategia<\/h2><p class=\"uagb-desc-text\"><strong>Guiando tu Camino hacia la Excelencia en Ciberseguridad y Operaciones<\/strong><\/p><\/div>\n\n\n\n<div class=\"wp-block-uagb-container uagb-block-94f0b9cb alignfull uagb-is-root-container\"><div class=\"uagb-container-inner-blocks-wrap\">\n<p class=\"has-ast-global-color-7-color has-text-color\" style=\"padding-right:var(--wp--preset--spacing--40);padding-left:var(--wp--preset--spacing--40);font-size:16px\">En Ciberingenier\u00eda, creemos en la importancia de establecer una s\u00f3lida estrategia que integre la ciberseguridad con la eficiencia operativa. Nuestro servicio de Asesoramiento y Estrategia es un enfoque integral para ayudarte a alcanzar un equilibrio perfecto entre la seguridad de la informaci\u00f3n y la eficiencia en los procesos de tu empresa.<\/p>\n<\/div><\/div>\n\n\n\n<div data-aos= \"flip-up\" data-aos-duration=\"400\" data-aos-delay=\"0\" data-aos-easing=\"ease\" data-aos-once=\"true\" class=\"wp-block-uagb-separator uagb-block-cf7a03ee wp-block-uagb-separator--text\"><div class=\"wp-block-uagb-separator__inner\" style=\"--my-background-image:\"><div class=\"wp-block-uagb-separator-element\"><h4 class=\"uagb-html-tag\">Nuestros enfoques estrat\u00e9gicos<\/h4><\/div><\/div><\/div>\n\n\n\n<div class=\"wp-block-uagb-container uagb-block-1b698d7c alignfull uagb-is-root-container\">\n<div class=\"wp-block-uagb-container uagb-block-5f245989\">\n<div class=\"wp-block-cover is-light wp-duotone-000000-rgba3957227047-2\"><span aria-hidden=\"true\" class=\"wp-block-cover__background has-background-dim\"><\/span><img decoding=\"async\" loading=\"lazy\" width=\"1024\" height=\"683\" class=\"wp-block-cover__image-background wp-image-2289\" alt=\"\" src=\"https:\/\/ciberingenieria.com.ar\/wp-content\/uploads\/2023\/10\/linkedin-sales-solutions-W3Jl3jREpDY-unsplash-1024x683.jpg\" data-object-fit=\"cover\" srcset=\"https:\/\/ciberingenieria.com.ar\/wp-content\/uploads\/2023\/10\/linkedin-sales-solutions-W3Jl3jREpDY-unsplash-1024x683.jpg 1024w, https:\/\/ciberingenieria.com.ar\/wp-content\/uploads\/2023\/10\/linkedin-sales-solutions-W3Jl3jREpDY-unsplash-300x200.jpg 300w, https:\/\/ciberingenieria.com.ar\/wp-content\/uploads\/2023\/10\/linkedin-sales-solutions-W3Jl3jREpDY-unsplash-768x512.jpg 768w, https:\/\/ciberingenieria.com.ar\/wp-content\/uploads\/2023\/10\/linkedin-sales-solutions-W3Jl3jREpDY-unsplash-1536x1024.jpg 1536w, https:\/\/ciberingenieria.com.ar\/wp-content\/uploads\/2023\/10\/linkedin-sales-solutions-W3Jl3jREpDY-unsplash-2048x1365.jpg 2048w\" sizes=\"(max-width: 1024px) 100vw, 1024px\" \/><div class=\"wp-block-cover__inner-container is-layout-flow wp-block-cover-is-layout-flow\">\n<p class=\"has-text-align-center\" style=\"font-size:28px;line-height:0\"><strong>Consultor\u00eda en<\/strong><\/p>\n\n\n\n<p class=\"has-text-align-center\" style=\"font-size:28px;line-height:1.3\"><strong>Ciberseguridad<\/strong><\/p>\n\n\n\n<details class=\"wp-block-details\"><summary>\u00bfQu\u00e9 es?<\/summary>\n<p>Trabajamos contigo para desarrollar estrategias de ciberseguridad a medida, alineadas con tus objetivos comerciales y regulaciones aplicables. Nuestro enfoque hol\u00edstico hace que la seguridad est\u00e9 integrada en cada aspecto de tu organizaci\u00f3n, protegiendo tus activos m\u00e1s valiosos.<\/p>\n<\/details>\n\n\n\n<div class=\"wp-block-buttons is-content-justification-center is-layout-flex wp-container-1 wp-block-buttons-is-layout-flex\">\n<div class=\"wp-block-button animated pulse\"><a class=\"wp-block-button__link has-ast-global-color-0-background-color has-background wp-element-button\" href=\"https:\/\/ciberingenieria.com.ar\/index.php\/consultoria-en-ciberseguridad\/\" target=\"_blank\" rel=\"noreferrer noopener\">ir al servicio<\/a><\/div>\n<\/div>\n<\/div><\/div>\n<\/div>\n\n\n\n<div class=\"wp-block-uagb-container uagb-block-f6810916\">\n<div class=\"wp-block-cover wp-duotone-000000-rgba3957227047-5\"><span aria-hidden=\"true\" class=\"wp-block-cover__background has-background-dim\"><\/span><img decoding=\"async\" loading=\"lazy\" width=\"2560\" height=\"1707\" class=\"wp-block-cover__image-background wp-image-2337\" alt=\"\" src=\"https:\/\/ciberingenieria.com.ar\/wp-content\/uploads\/2023\/10\/pexels-joshua-miranda-4027658-scaled.jpg\" data-object-fit=\"cover\" srcset=\"https:\/\/ciberingenieria.com.ar\/wp-content\/uploads\/2023\/10\/pexels-joshua-miranda-4027658-scaled.jpg 2560w, https:\/\/ciberingenieria.com.ar\/wp-content\/uploads\/2023\/10\/pexels-joshua-miranda-4027658-300x200.jpg 300w, https:\/\/ciberingenieria.com.ar\/wp-content\/uploads\/2023\/10\/pexels-joshua-miranda-4027658-1024x683.jpg 1024w, https:\/\/ciberingenieria.com.ar\/wp-content\/uploads\/2023\/10\/pexels-joshua-miranda-4027658-768x512.jpg 768w, https:\/\/ciberingenieria.com.ar\/wp-content\/uploads\/2023\/10\/pexels-joshua-miranda-4027658-1536x1024.jpg 1536w, https:\/\/ciberingenieria.com.ar\/wp-content\/uploads\/2023\/10\/pexels-joshua-miranda-4027658-2048x1365.jpg 2048w\" sizes=\"(max-width: 2560px) 100vw, 2560px\" \/><div class=\"wp-block-cover__inner-container is-layout-flow wp-block-cover-is-layout-flow\">\n<p class=\"has-text-align-center\" style=\"font-size:28px;line-height:0\"><strong>Desarrollo de <\/strong><\/p>\n\n\n\n<p class=\"has-text-align-center\" style=\"font-size:28px;line-height:1.3\"><strong>pol\u00edticas de<\/strong> <strong>Seguridad y Procedimientos<\/strong><\/p>\n\n\n\n<details class=\"wp-block-details\"><summary>\u00bfQu\u00e9 es?<\/summary>\n<p>Establecemos pol\u00edticas de seguridad y procedimientos detallados y personalizados que sirven como cimientos esenciales para mantener la integridad y confidencialidad de tus datos. Estas pol\u00edticas est\u00e1n dise\u00f1adas para cumplir con est\u00e1ndares globales y adaptarse a tu entorno operativo \u00fanico.<\/p>\n<\/details>\n\n\n\n<div class=\"wp-block-buttons is-content-justification-center is-layout-flex wp-container-4 wp-block-buttons-is-layout-flex\">\n<div class=\"wp-block-button animated pulse\"><a class=\"wp-block-button__link has-ast-global-color-0-background-color has-background wp-element-button\" href=\"https:\/\/ciberingenieria.com.ar\/index.php\/desarrollo-de-politicas-de-seguridad-y-procedimientos\/\" target=\"_blank\" rel=\"noreferrer noopener\">ir al servicio<\/a><\/div>\n<\/div>\n<\/div><\/div>\n<\/div>\n\n\n\n<div class=\"wp-block-uagb-container uagb-block-7780037a\">\n<div class=\"wp-block-cover is-light wp-duotone-000000-rgba3957227047-8\"><span aria-hidden=\"true\" class=\"wp-block-cover__background has-background-dim\"><\/span><img decoding=\"async\" loading=\"lazy\" width=\"1024\" height=\"683\" class=\"wp-block-cover__image-background wp-image-2344\" alt=\"\" src=\"https:\/\/ciberingenieria.com.ar\/wp-content\/uploads\/2023\/10\/pexels-startup-stock-photos-7364-1-1024x683.jpg\" data-object-fit=\"cover\" srcset=\"https:\/\/ciberingenieria.com.ar\/wp-content\/uploads\/2023\/10\/pexels-startup-stock-photos-7364-1-1024x683.jpg 1024w, https:\/\/ciberingenieria.com.ar\/wp-content\/uploads\/2023\/10\/pexels-startup-stock-photos-7364-1-300x200.jpg 300w, https:\/\/ciberingenieria.com.ar\/wp-content\/uploads\/2023\/10\/pexels-startup-stock-photos-7364-1-768x512.jpg 768w, https:\/\/ciberingenieria.com.ar\/wp-content\/uploads\/2023\/10\/pexels-startup-stock-photos-7364-1-1536x1024.jpg 1536w, https:\/\/ciberingenieria.com.ar\/wp-content\/uploads\/2023\/10\/pexels-startup-stock-photos-7364-1-2048x1365.jpg 2048w\" sizes=\"(max-width: 1024px) 100vw, 1024px\" \/><div class=\"wp-block-cover__inner-container is-layout-flow wp-block-cover-is-layout-flow\">\n<p class=\"has-text-align-center\" style=\"font-size:28px;line-height:0\"><strong>Ingenier\u00eda de<\/strong><\/p>\n\n\n\n<p class=\"has-text-align-center\" style=\"font-size:28px;line-height:1.3\"><strong>Procesos<\/strong><\/p>\n\n\n\n<details class=\"wp-block-details\"><summary>\u00bfQu\u00e9 es?<\/summary>\n<p>Optimizamos tus procesos empresariales utilizando la experiencia en BPMN (Business Process Model and Notation). Nuestro objetivo es aumentar la eficiencia y la productividad, reducir riesgos y asegurar que tus operaciones est\u00e9n alineadas con las mejores pr\u00e1cticas y regulaciones.<\/p>\n<\/details>\n\n\n\n<div class=\"wp-block-buttons is-content-justification-center is-layout-flex wp-container-7 wp-block-buttons-is-layout-flex\">\n<div class=\"wp-block-button animated pulse\"><a class=\"wp-block-button__link has-ast-global-color-0-background-color has-background wp-element-button\" href=\"https:\/\/ciberingenieria.com.ar\/index.php\/ingenieria-de-procesos-fortaleciendo-tu-organizacion-a-traves-de-la-ingenieria-de-procesos-seguros\/\" target=\"_blank\" rel=\"noreferrer noopener\">ir al servicio<\/a><\/div>\n<\/div>\n<\/div><\/div>\n<\/div>\n<\/div>\n\n\n\n<div data-aos= \"flip-up\" data-aos-duration=\"400\" data-aos-delay=\"0\" data-aos-easing=\"ease\" data-aos-once=\"true\" class=\"wp-block-uagb-separator uagb-block-4b020eed wp-block-uagb-separator--icon\"><div class=\"wp-block-uagb-separator__inner\" style=\"--my-background-image:\"><div class=\"wp-block-uagb-separator-element\"><svg xmlns=\"https:\/\/www.w3.org\/2000\/svg\" viewBox=\"0 0 448 512\"><path d=\"M224 416c-8.188 0-16.38-3.125-22.62-9.375l-192-192c-12.5-12.5-12.5-32.75 0-45.25s32.75-12.5 45.25 0L224 338.8l169.4-169.4c12.5-12.5 32.75-12.5 45.25 0s12.5 32.75 0 45.25l-192 192C240.4 412.9 232.2 416 224 416z\"><\/path><\/svg><\/div><\/div><\/div>\n\n\n\n<div class=\"wp-block-uagb-icon-list uagb-block-95133c91\"><div class=\"uagb-icon-list__wrap\">\n<div class=\"wp-block-uagb-icon-list-child uagb-block-2dfa7259 animated fadeIn\"><span class=\"uagb-icon-list__source-wrap\"><svg xmlns=\"https:\/\/www.w3.org\/2000\/svg\" viewBox=\"0 0 512 512\"><path d=\"M0 256C0 114.6 114.6 0 256 0C397.4 0 512 114.6 512 256C512 397.4 397.4 512 256 512C114.6 512 0 397.4 0 256zM371.8 211.8C382.7 200.9 382.7 183.1 371.8 172.2C360.9 161.3 343.1 161.3 332.2 172.2L224 280.4L179.8 236.2C168.9 225.3 151.1 225.3 140.2 236.2C129.3 247.1 129.3 264.9 140.2 275.8L204.2 339.8C215.1 350.7 232.9 350.7 243.8 339.8L371.8 211.8z\"><\/path><\/svg><\/span><span class=\"uagb-icon-list__label\"><strong>Enfoque Integral:<\/strong> Nuestra estrategia abarca tanto la ciberseguridad como la eficiencia operativa, asegurando una protecci\u00f3n equilibrada y una operativa fluida.<\/span><\/div>\n\n\n\n<div class=\"wp-block-uagb-icon-list-child uagb-block-4d5b33e7 animated fadeIn\"><span class=\"uagb-icon-list__source-wrap\"><svg xmlns=\"https:\/\/www.w3.org\/2000\/svg\" viewBox=\"0 0 512 512\"><path d=\"M0 256C0 114.6 114.6 0 256 0C397.4 0 512 114.6 512 256C512 397.4 397.4 512 256 512C114.6 512 0 397.4 0 256zM371.8 211.8C382.7 200.9 382.7 183.1 371.8 172.2C360.9 161.3 343.1 161.3 332.2 172.2L224 280.4L179.8 236.2C168.9 225.3 151.1 225.3 140.2 236.2C129.3 247.1 129.3 264.9 140.2 275.8L204.2 339.8C215.1 350.7 232.9 350.7 243.8 339.8L371.8 211.8z\"><\/path><\/svg><\/span><span class=\"uagb-icon-list__label\"><strong>Estrategias Personalizadas:<\/strong> Dise\u00f1amos estrategias adaptadas a tu organizaci\u00f3n, teniendo en cuenta tus metas, tama\u00f1o y sector, para asegurar la m\u00e1xima eficacia.<\/span><\/div>\n\n\n\n<div class=\"wp-block-uagb-icon-list-child uagb-block-22afa6c8 animated fadeIn\"><span class=\"uagb-icon-list__source-wrap\"><svg xmlns=\"https:\/\/www.w3.org\/2000\/svg\" viewBox=\"0 0 512 512\"><path d=\"M0 256C0 114.6 114.6 0 256 0C397.4 0 512 114.6 512 256C512 397.4 397.4 512 256 512C114.6 512 0 397.4 0 256zM371.8 211.8C382.7 200.9 382.7 183.1 371.8 172.2C360.9 161.3 343.1 161.3 332.2 172.2L224 280.4L179.8 236.2C168.9 225.3 151.1 225.3 140.2 236.2C129.3 247.1 129.3 264.9 140.2 275.8L204.2 339.8C215.1 350.7 232.9 350.7 243.8 339.8L371.8 211.8z\"><\/path><\/svg><\/span><span class=\"uagb-icon-list__label\"><strong>Profesionalismo y Cumplimiento:<\/strong> Nuestro equipo capacitado y certificado se asegura de que nuestras estrategias cumplan con las normativas y est\u00e1ndares relevantes<\/span><\/div>\n<\/div><\/div>\n\n\n\n<div class=\"wp-block-uagb-container uagb-block-db66798f alignfull uagb-is-root-container\"><div class=\"uagb-container__shape uagb-container__shape-top\"><svg xmlns=\"https:\/\/www.w3.org\/2000\/svg\" viewBox=\"0 0 1000 100\" preserveAspectRatio=\"none\"><path class=\"uagb-container__shape-fill\" d=\"M500,98.9L0,6.1V0h1000v6.1L500,98.9z\"><\/path><\/svg><\/div><div class=\"uagb-container-inner-blocks-wrap\">\n<div class=\"wp-block-uagb-advanced-heading uagb-block-e3abe5f0\"><h2 class=\"uagb-heading-text\">\u00a1Conf\u00eda en Nosotros para Alcanzar la Excelencia Empresarial!<\/h2><\/div>\n<\/div><\/div>\n","protected":false},"excerpt":{"rendered":"<p>Asesoramiento y Estrategia Guiando tu Camino hacia la Excelencia en Ciberseguridad y Operaciones En Ciberingenier\u00eda, creemos en la importancia de establecer una s\u00f3lida estrategia que integre la ciberseguridad con la eficiencia operativa. Nuestro servicio de Asesoramiento y Estrategia es un enfoque integral para ayudarte a alcanzar un equilibrio perfecto entre la seguridad de la informaci\u00f3n [&hellip;]<\/p>\n","protected":false},"author":2,"featured_media":0,"parent":0,"menu_order":0,"comment_status":"closed","ping_status":"closed","template":"","meta":{"_uag_custom_page_level_css":"","site-sidebar-layout":"no-sidebar","site-content-layout":"","ast-site-content-layout":"full-width-container","site-content-style":"unboxed","site-sidebar-style":"unboxed","ast-global-header-display":"","ast-banner-title-visibility":"","ast-main-header-display":"","ast-hfb-above-header-display":"","ast-hfb-below-header-display":"","ast-hfb-mobile-header-display":"","site-post-title":"disabled","ast-breadcrumbs-content":"","ast-featured-img":"","footer-sml-layout":"","theme-transparent-header-meta":"","adv-header-id-meta":"","stick-header-meta":"","header-above-stick-meta":"","header-main-stick-meta":"","header-below-stick-meta":"","astra-migrate-meta-layouts":"set","ast-page-background-enabled":"default","ast-page-background-meta":{"desktop":{"background-color":"var(--ast-global-color-4)","background-image":"","background-repeat":"repeat","background-position":"center center","background-size":"auto","background-attachment":"scroll","background-type":"","background-media":"","overlay-type":"","overlay-color":"","overlay-opacity":"","overlay-gradient":""},"tablet":{"background-color":"","background-image":"","background-repeat":"repeat","background-position":"center center","background-size":"auto","background-attachment":"scroll","background-type":"","background-media":"","overlay-type":"","overlay-color":"","overlay-opacity":"","overlay-gradient":""},"mobile":{"background-color":"","background-image":"","background-repeat":"repeat","background-position":"center center","background-size":"auto","background-attachment":"scroll","background-type":"","background-media":"","overlay-type":"","overlay-color":"","overlay-opacity":"","overlay-gradient":""}},"ast-content-background-meta":{"desktop":{"background-color":"var(--ast-global-color-5)","background-image":"","background-repeat":"repeat","background-position":"center center","background-size":"auto","background-attachment":"scroll","background-type":"","background-media":"","overlay-type":"","overlay-color":"","overlay-opacity":"","overlay-gradient":""},"tablet":{"background-color":"var(--ast-global-color-5)","background-image":"","background-repeat":"repeat","background-position":"center center","background-size":"auto","background-attachment":"scroll","background-type":"","background-media":"","overlay-type":"","overlay-color":"","overlay-opacity":"","overlay-gradient":""},"mobile":{"background-color":"var(--ast-global-color-5)","background-image":"","background-repeat":"repeat","background-position":"center center","background-size":"auto","background-attachment":"scroll","background-type":"","background-media":"","overlay-type":"","overlay-color":"","overlay-opacity":"","overlay-gradient":""}},"_themeisle_gutenberg_block_has_review":false,"footnotes":""},"uagb_featured_image_src":{"full":false,"thumbnail":false,"medium":false,"medium_large":false,"large":false,"1536x1536":false,"2048x2048":false},"uagb_author_info":{"display_name":"Emilio Izarra","author_link":"https:\/\/ciberingenieria.com.ar\/index.php\/author\/eizarra\/"},"uagb_comment_info":0,"uagb_excerpt":"Asesoramiento y Estrategia Guiando tu Camino hacia la Excelencia en Ciberseguridad y Operaciones En Ciberingenier\u00eda, creemos en la importancia de establecer una s\u00f3lida estrategia que integre la ciberseguridad con la eficiencia operativa. Nuestro servicio de Asesoramiento y Estrategia es un enfoque integral para ayudarte a alcanzar un equilibrio perfecto entre la seguridad de la informaci\u00f3n&hellip;","_links":{"self":[{"href":"https:\/\/ciberingenieria.com.ar\/index.php\/wp-json\/wp\/v2\/pages\/2094"}],"collection":[{"href":"https:\/\/ciberingenieria.com.ar\/index.php\/wp-json\/wp\/v2\/pages"}],"about":[{"href":"https:\/\/ciberingenieria.com.ar\/index.php\/wp-json\/wp\/v2\/types\/page"}],"author":[{"embeddable":true,"href":"https:\/\/ciberingenieria.com.ar\/index.php\/wp-json\/wp\/v2\/users\/2"}],"replies":[{"embeddable":true,"href":"https:\/\/ciberingenieria.com.ar\/index.php\/wp-json\/wp\/v2\/comments?post=2094"}],"version-history":[{"count":125,"href":"https:\/\/ciberingenieria.com.ar\/index.php\/wp-json\/wp\/v2\/pages\/2094\/revisions"}],"predecessor-version":[{"id":3649,"href":"https:\/\/ciberingenieria.com.ar\/index.php\/wp-json\/wp\/v2\/pages\/2094\/revisions\/3649"}],"wp:attachment":[{"href":"https:\/\/ciberingenieria.com.ar\/index.php\/wp-json\/wp\/v2\/media?parent=2094"}],"curies":[{"name":"wp","href":"https:\/\/api.w.org\/{rel}","templated":true}]}}