{"id":2013,"date":"2023-09-18T08:45:29","date_gmt":"2023-09-18T11:45:29","guid":{"rendered":"https:\/\/ciberingenieria.com.ar\/?page_id=2013"},"modified":"2023-11-23T11:40:24","modified_gmt":"2023-11-23T14:40:24","slug":"auditorias-de-seguridad-analizando-profundamente-la-postura-de-seguridad-de-tu-empresa","status":"publish","type":"page","link":"https:\/\/ciberingenieria.com.ar\/index.php\/auditorias-de-seguridad-analizando-profundamente-la-postura-de-seguridad-de-tu-empresa\/","title":{"rendered":"Auditor\u00edas de Seguridad"},"content":{"rendered":"\n<div class=\"wp-block-uagb-container uag-hide-tab uag-hide-mob uagb-block-f84793c7 alignfull uagb-is-root-container\"><div class=\"uagb-container-inner-blocks-wrap\"><\/div><\/div>\n\n\n\n<div class=\"wp-block-columns is-layout-flex wp-container-2 wp-block-columns-is-layout-flex\" style=\"padding-top:0;padding-bottom:0\">\n<div class=\"wp-block-column is-layout-flow wp-block-column-is-layout-flow\">\n<div class=\"wp-block-uagb-advanced-heading uagb-block-e9f208cd\"><h2 class=\"uagb-heading-text\">Auditor\u00edas de Seguridad<\/h2><\/div>\n\n\n\n<p class=\"has-medium-font-size\" style=\"text-transform:none\"><strong>Analizando Profundamente la Postura de Seguridad de tu Empresa<\/strong><\/p>\n\n\n\n<div class=\"wp-block-uagb-separator uagb-block-fba7e16e\"><div class=\"wp-block-uagb-separator__inner\" style=\"--my-background-image:\"><\/div><\/div>\n<\/div>\n<\/div>\n\n\n\n<div class=\"wp-block-uagb-container uagb-block-6425b3de alignfull uagb-is-root-container\"><div class=\"uagb-container-inner-blocks-wrap\">\n<div class=\"wp-block-uagb-advanced-heading uagb-block-6e9d002b\"><h2 class=\"uagb-heading-text\"><strong>En el mundo actual, la ciberseguridad es fundamental para mantener la integridad, confidencialidad y disponibilidad de los datos cr\u00edticos de tu empresa. En Ciberingenier\u00eda, comprendemos la importancia de asegurar tu entorno digital ante las amenazas en constante evoluci\u00f3n.<\/strong><\/h2><\/div>\n\n\n\n<div class=\"wp-block-uagb-advanced-heading uagb-block-91f90dfe\"><h2 class=\"uagb-heading-text\"><strong>Nuestro servicio de Auditor\u00edas de Seguridad, respaldado por la certificaci\u00f3n CompTIA Pentest, est\u00e1 dise\u00f1ado para proporcionar una evaluaci\u00f3n exhaustiva y precisa de tus sistemas, identificando posibles vulnerabilidades y fortaleciendo tu postura de seguridad. Nuestro servicio de Auditor\u00edas de Seguridad es una parte integral de nuestras Pruebas de Penetraci\u00f3n y Evaluaci\u00f3n de Vulnerabilidades. Realizamos evaluaciones exhaustivas y an\u00e1lisis detallados para que tu organizaci\u00f3n cuente con una postura de seguridad robusta y preparada ante posibles amenazas.<\/strong><\/h2><\/div>\n<\/div><\/div>\n\n\n\n<p class=\"has-text-align-center\" style=\"padding-top:0;padding-right:var(--wp--preset--spacing--20);padding-bottom:0;padding-left:var(--wp--preset--spacing--20);font-size:35px;line-height:1.3\"><strong>Nuestros Servicios de Auditor\u00edas de Seguridad<\/strong><\/p>\n\n\n\n<div class=\"wp-block-columns is-layout-flex wp-container-8 wp-block-columns-is-layout-flex\">\n<div class=\"wp-block-column is-layout-flow wp-block-column-is-layout-flow\">\n<div class=\"wp-block-columns is-layout-flex wp-container-6 wp-block-columns-is-layout-flex\">\n<div class=\"wp-block-column is-layout-flow wp-block-column-is-layout-flow\" style=\"flex-basis:25%\">\n<div class=\"wp-block-uagb-advanced-heading uagb-block-132c86e7 animated zoomIn\"><h2 class=\"uagb-heading-text\">Evaluaci\u00f3n Integral de Seguridad<\/h2><\/div>\n<\/div>\n\n\n\n<div class=\"wp-block-column is-layout-flow wp-block-column-is-layout-flow\" style=\"flex-basis:50%\">\n<p style=\"font-size:18px\">Realizamos an\u00e1lisis exhaustivos de tu infraestructura, aplicaciones y sistemas para identificar vulnerabilidades potenciales, evaluar el cumplimiento de pol\u00edticas de seguridad y proponer mejoras.<\/p>\n<\/div>\n\n\n\n<div class=\"wp-block-column is-layout-flow wp-block-column-is-layout-flow\" style=\"flex-basis:25%\">\n<div class=\"wp-block-uagb-image uagb-block-2bc086a5 wp-block-uagb-image--layout-default wp-block-uagb-image--effect-static wp-block-uagb-image--align-none\"><figure class=\"wp-block-uagb-image__figure\"><img decoding=\"async\" srcset=\"https:\/\/ciberingenieria.com.ar\/wp-content\/uploads\/2023\/10\/pexels-shvets-production-7176060-edited-scaled.jpg \" sizes=\"(max-width: 480px) 150px\" src=\"https:\/\/ciberingenieria.com.ar\/wp-content\/uploads\/2023\/10\/pexels-shvets-production-7176060-edited-scaled.jpg\" alt=\"\" class=\"uag-image-3181\" width=\"680\" height=\"1024\" title=\"\" loading=\"lazy\"\/><\/figure><\/div>\n<\/div>\n<\/div>\n<\/div>\n<\/div>\n\n\n\n<div class=\"wp-block-columns uag-hide-desktop is-layout-flex wp-container-14 wp-block-columns-is-layout-flex\">\n<div class=\"wp-block-column is-layout-flow wp-block-column-is-layout-flow\">\n<div class=\"wp-block-columns is-layout-flex wp-container-12 wp-block-columns-is-layout-flex\">\n<div class=\"wp-block-column is-layout-flow wp-block-column-is-layout-flow\" style=\"flex-basis:25%\">\n<div data-aos= \"zoom-in\" data-aos-duration=\"400\" data-aos-delay=\"0\" data-aos-easing=\"ease\" data-aos-once=\"true\" class=\"wp-block-uagb-advanced-heading uagb-block-bdbba9f5 animated zoomIn\"><h2 class=\"uagb-heading-text\">Pruebas de Penetraci\u00f3n<\/h2><\/div>\n<\/div>\n\n\n\n<div class=\"wp-block-column is-layout-flow wp-block-column-is-layout-flow\" style=\"flex-basis:50%\">\n<p style=\"font-size:18px\">Aplicamos t\u00e9cnicas avanzadas, incluyendo metodolog\u00edas reconocidas por CompTIA Pentest, para simular ataques controlados y descubrir posibles puntos d\u00e9biles en tus sistemas, realizando una preparaci\u00f3n efectiva contra amenazas reales.<\/p>\n<\/div>\n\n\n\n<div class=\"wp-block-column is-layout-flow wp-block-column-is-layout-flow\" style=\"flex-basis:25%\">\n<div class=\"wp-block-uagb-image uagb-block-57622282 wp-block-uagb-image--layout-default wp-block-uagb-image--effect-static wp-block-uagb-image--align-none\"><figure class=\"wp-block-uagb-image__figure\"><img decoding=\"async\" srcset=\"https:\/\/ciberingenieria.com.ar\/wp-content\/uploads\/2023\/10\/pexels-sora-shimazaki-5926382-edited-1024x1024.jpg \" sizes=\"(max-width: 480px) 150px\" src=\"https:\/\/ciberingenieria.com.ar\/wp-content\/uploads\/2023\/10\/pexels-sora-shimazaki-5926382-edited-1024x1024.jpg\" alt=\"\" class=\"uag-image-3263\" width=\"1024\" height=\"1024\" title=\"\" loading=\"lazy\"\/><\/figure><\/div>\n<\/div>\n<\/div>\n<\/div>\n<\/div>\n\n\n\n<div class=\"wp-block-columns uag-hide-tab uag-hide-mob is-layout-flex wp-container-20 wp-block-columns-is-layout-flex\">\n<div class=\"wp-block-column is-layout-flow wp-block-column-is-layout-flow\">\n<div class=\"wp-block-columns is-layout-flex wp-container-18 wp-block-columns-is-layout-flex\">\n<div class=\"wp-block-column is-layout-flow wp-block-column-is-layout-flow\" style=\"flex-basis:25%\">\n<div class=\"wp-block-uagb-image uagb-block-aa3788e1 wp-block-uagb-image--layout-default wp-block-uagb-image--effect-static wp-block-uagb-image--align-none\"><figure class=\"wp-block-uagb-image__figure\"><img decoding=\"async\" srcset=\"https:\/\/ciberingenieria.com.ar\/wp-content\/uploads\/2023\/10\/pexels-sora-shimazaki-5926382-edited-scaled.jpg \" sizes=\"(max-width: 480px) 150px\" src=\"https:\/\/ciberingenieria.com.ar\/wp-content\/uploads\/2023\/10\/pexels-sora-shimazaki-5926382-edited-scaled.jpg\" alt=\"\" class=\"uag-image-3263\" width=\"683\" height=\"1024\" title=\"\" loading=\"lazy\"\/><\/figure><\/div>\n<\/div>\n\n\n\n<div class=\"wp-block-column is-layout-flow wp-block-column-is-layout-flow\" style=\"flex-basis:50%\">\n<p style=\"font-size:18px\">Aplicamos t\u00e9cnicas avanzadas, incluyendo metodolog\u00edas reconocidas por CompTIA Pentest, para simular ataques controlados y descubrir posibles puntos d\u00e9biles en tus sistemas, realizando una preparaci\u00f3n efectiva contra amenazas reales.<\/p>\n<\/div>\n\n\n\n<div class=\"wp-block-column is-layout-flow wp-block-column-is-layout-flow\" style=\"flex-basis:25%\">\n<div data-aos= \"zoom-in\" data-aos-duration=\"400\" data-aos-delay=\"0\" data-aos-easing=\"ease\" data-aos-once=\"true\" class=\"wp-block-uagb-advanced-heading uagb-block-2f8a295d animated zoomIn\"><h2 class=\"uagb-heading-text\">Pruebas de Penetraci\u00f3n<\/h2><\/div>\n<\/div>\n<\/div>\n<\/div>\n<\/div>\n\n\n\n<div class=\"wp-block-columns is-layout-flex wp-container-26 wp-block-columns-is-layout-flex\">\n<div class=\"wp-block-column is-layout-flow wp-block-column-is-layout-flow\">\n<div class=\"wp-block-columns is-layout-flex wp-container-24 wp-block-columns-is-layout-flex\">\n<div class=\"wp-block-column is-layout-flow wp-block-column-is-layout-flow\" style=\"flex-basis:25%\">\n<div class=\"wp-block-uagb-advanced-heading uagb-block-6e9c6ec4 animated zoomIn\"><h2 class=\"uagb-heading-text\">An\u00e1lisis de Cumplimiento Normativo<\/h2><\/div>\n<\/div>\n\n\n\n<div class=\"wp-block-column is-layout-flow wp-block-column-is-layout-flow\" style=\"flex-basis:50%\">\n<p style=\"font-size:18px\">Aseguramos que tu organizaci\u00f3n cumpla con los est\u00e1ndares y regulaciones de seguridad relevantes para tu industria, ayud\u00e1ndote a evitar posibles sanciones y proteger la reputaci\u00f3n de tu empresa.<\/p>\n<\/div>\n\n\n\n<div class=\"wp-block-column is-layout-flow wp-block-column-is-layout-flow\" style=\"flex-basis:25%\">\n<div class=\"wp-block-uagb-image uagb-block-0989ebd6 wp-block-uagb-image--layout-default wp-block-uagb-image--effect-static wp-block-uagb-image--align-none\"><figure class=\"wp-block-uagb-image__figure\"><img decoding=\"async\" srcset=\"https:\/\/ciberingenieria.com.ar\/wp-content\/uploads\/2023\/10\/lady-justice-2388500_1280-copia-edited.jpg \" sizes=\"(max-width: 480px) 150px\" src=\"https:\/\/ciberingenieria.com.ar\/wp-content\/uploads\/2023\/10\/lady-justice-2388500_1280-copia-edited.jpg\" alt=\"\" class=\"uag-image-3267\" width=\"680\" height=\"1024\" title=\"\" loading=\"lazy\"\/><\/figure><\/div>\n<\/div>\n<\/div>\n<\/div>\n<\/div>\n\n\n\n<div class=\"wp-block-columns uag-hide-desktop is-layout-flex wp-container-32 wp-block-columns-is-layout-flex\">\n<div class=\"wp-block-column is-layout-flow wp-block-column-is-layout-flow\">\n<div class=\"wp-block-columns is-layout-flex wp-container-30 wp-block-columns-is-layout-flex\">\n<div class=\"wp-block-column is-layout-flow wp-block-column-is-layout-flow\" style=\"flex-basis:25%\">\n<div class=\"wp-block-uagb-advanced-heading uagb-block-1add6441 animated zoomIn\"><h2 class=\"uagb-heading-text\">Recomendaciones y Planes de Acci\u00f3n<\/h2><\/div>\n<\/div>\n\n\n\n<div class=\"wp-block-column is-layout-flow wp-block-column-is-layout-flow\" style=\"flex-basis:50%\">\n<p style=\"font-size:18px\">Generamos informes detallados con hallazgos y recomendaciones espec\u00edficas, incluyendo las mejores pr\u00e1cticas de CompTIA Pentest, acompa\u00f1ados de planes de acci\u00f3n para fortalecer tu seguridad y mitigar riesgos de forma efectiva.<\/p>\n<\/div>\n\n\n\n<div class=\"wp-block-column is-layout-flow wp-block-column-is-layout-flow\" style=\"flex-basis:25%\">\n<div class=\"wp-block-uagb-image uagb-block-dcaafd0b wp-block-uagb-image--layout-default wp-block-uagb-image--effect-static wp-block-uagb-image--align-none\"><figure class=\"wp-block-uagb-image__figure\"><img decoding=\"async\" srcset=\"https:\/\/ciberingenieria.com.ar\/wp-content\/uploads\/2023\/10\/pexels-isaque-pereira-394377-edited-1024x1024.jpg \" sizes=\"(max-width: 480px) 150px\" src=\"https:\/\/ciberingenieria.com.ar\/wp-content\/uploads\/2023\/10\/pexels-isaque-pereira-394377-edited-1024x1024.jpg\" alt=\"\" class=\"uag-image-3265\" width=\"1024\" height=\"1024\" title=\"\" loading=\"lazy\"\/><\/figure><\/div>\n<\/div>\n<\/div>\n<\/div>\n<\/div>\n\n\n\n<div class=\"wp-block-columns uag-hide-tab uag-hide-mob is-layout-flex wp-container-38 wp-block-columns-is-layout-flex\">\n<div class=\"wp-block-column is-layout-flow wp-block-column-is-layout-flow\">\n<div class=\"wp-block-columns is-layout-flex wp-container-36 wp-block-columns-is-layout-flex\">\n<div class=\"wp-block-column is-layout-flow wp-block-column-is-layout-flow\" style=\"flex-basis:25%\">\n<div class=\"wp-block-uagb-image uagb-block-07709117 wp-block-uagb-image--layout-default wp-block-uagb-image--effect-static wp-block-uagb-image--align-none\"><figure class=\"wp-block-uagb-image__figure\"><img decoding=\"async\" srcset=\"https:\/\/ciberingenieria.com.ar\/wp-content\/uploads\/2023\/10\/pexels-isaque-pereira-394377-edited-scaled.jpg \" sizes=\"(max-width: 480px) 150px\" src=\"https:\/\/ciberingenieria.com.ar\/wp-content\/uploads\/2023\/10\/pexels-isaque-pereira-394377-edited-scaled.jpg\" alt=\"\" class=\"uag-image-3265\" width=\"683\" height=\"1024\" title=\"\" loading=\"lazy\"\/><\/figure><\/div>\n<\/div>\n\n\n\n<div class=\"wp-block-column is-layout-flow wp-block-column-is-layout-flow\" style=\"flex-basis:50%\">\n<p style=\"font-size:18px\">Generamos informes detallados con hallazgos y recomendaciones espec\u00edficas, incluyendo las mejores pr\u00e1cticas de CompTIA Pentest, acompa\u00f1ados de planes de acci\u00f3n para fortalecer tu seguridad y mitigar riesgos de forma efectiva.<\/p>\n<\/div>\n\n\n\n<div class=\"wp-block-column is-layout-flow wp-block-column-is-layout-flow\" style=\"flex-basis:25%\">\n<div class=\"wp-block-uagb-advanced-heading uagb-block-3bb40d3c animated zoomIn\"><h2 class=\"uagb-heading-text\">Recomendaciones y Planes de Acci\u00f3n<\/h2><\/div>\n<\/div>\n<\/div>\n<\/div>\n<\/div>\n\n\n\n<div data-aos= \"fade-down\" data-aos-duration=\"400\" data-aos-delay=\"0\" data-aos-easing=\"ease\" data-aos-once=\"true\" class=\"wp-block-uagb-container uagb-block-8e0c7239 alignfull uagb-is-root-container\"><div class=\"uagb-container__shape uagb-container__shape-top\"><svg xmlns=\"https:\/\/www.w3.org\/2000\/svg\" viewBox=\"0 0 700 10\" preserveAspectRatio=\"none\"><path class=\"uagb-container__shape-fill\" d=\"M350,10L340,0h20L350,10z\"><\/path><\/svg><\/div><div class=\"uagb-container-inner-blocks-wrap\">\n<p class=\"has-text-align-center has-ast-global-color-5-color has-text-color\" style=\"padding-top:var(--wp--preset--spacing--80);padding-bottom:var(--wp--preset--spacing--80);font-size:35px;line-height:1.6\">Beneficios Clave de las Auditor\u00edas de Seguridad<\/p>\n\n\n\n<div class=\"wp-block-uagb-icon-list uagb-block-a08fc52e\"><div class=\"uagb-icon-list__wrap\">\n<div data-aos= \"fade-down\" data-aos-duration=\"400\" data-aos-delay=\"0\" data-aos-easing=\"ease\" data-aos-once=\"true\" class=\"wp-block-uagb-icon-list-child uagb-block-30e632cf\"><span class=\"uagb-icon-list__source-wrap\"><svg xmlns=\"https:\/\/www.w3.org\/2000\/svg\" viewBox=\"0 0 448 512\"><path d=\"M438.6 105.4C451.1 117.9 451.1 138.1 438.6 150.6L182.6 406.6C170.1 419.1 149.9 419.1 137.4 406.6L9.372 278.6C-3.124 266.1-3.124 245.9 9.372 233.4C21.87 220.9 42.13 220.9 54.63 233.4L159.1 338.7L393.4 105.4C405.9 92.88 426.1 92.88 438.6 105.4H438.6z\"><\/path><\/svg><\/span><span class=\"uagb-icon-list__label\"><strong>Visi\u00f3n Integral de tu Seguridad<\/strong><\/span><\/div>\n\n\n\n<div data-aos= \"fade-down\" data-aos-duration=\"400\" data-aos-delay=\"0\" data-aos-easing=\"ease\" data-aos-once=\"true\" class=\"wp-block-uagb-icon-list-child uagb-block-f478763b\"><span class=\"uagb-icon-list__source-wrap\"><svg xmlns=\"https:\/\/www.w3.org\/2000\/svg\" viewBox=\"0 0 512 512\"><path d=\"M256 0C114.6 0 0 114.6 0 256c0 141.4 114.6 256 256 256s256-114.6 256-256C512 114.6 397.4 0 256 0zM406.6 278.6l-103.1 103.1c-12.5 12.5-32.75 12.5-45.25 0s-12.5-32.75 0-45.25L306.8 288H128C110.3 288 96 273.7 96 256s14.31-32 32-32h178.8l-49.38-49.38c-12.5-12.5-12.5-32.75 0-45.25s32.75-12.5 45.25 0l103.1 103.1C414.6 241.3 416 251.1 416 256C416 260.9 414.6 270.7 406.6 278.6z\"><\/path><\/svg><\/span><span class=\"uagb-icon-list__label\">Realizamos una revisi\u00f3n completa de tu infraestructura de seguridad para identificar posibles vulnerabilidades y \u00e1reas de mejora, proporcion\u00e1ndote una visi\u00f3n global de tu nivel de seguridad actual.<\/span><\/div>\n\n\n\n<div data-aos= \"fade-down\" data-aos-duration=\"400\" data-aos-delay=\"0\" data-aos-easing=\"ease\" data-aos-once=\"true\" class=\"wp-block-uagb-icon-list-child uagb-block-8de3cd06\"><span class=\"uagb-icon-list__source-wrap\"><svg xmlns=\"https:\/\/www.w3.org\/2000\/svg\" viewBox=\"0 0 448 512\"><path d=\"M438.6 105.4C451.1 117.9 451.1 138.1 438.6 150.6L182.6 406.6C170.1 419.1 149.9 419.1 137.4 406.6L9.372 278.6C-3.124 266.1-3.124 245.9 9.372 233.4C21.87 220.9 42.13 220.9 54.63 233.4L159.1 338.7L393.4 105.4C405.9 92.88 426.1 92.88 438.6 105.4H438.6z\"><\/path><\/svg><\/span><span class=\"uagb-icon-list__label\"><strong><strong>Anticipaci\u00f3n a Riesgos y Amenazas<\/strong><\/strong><\/span><\/div>\n\n\n\n<div data-aos= \"fade-down\" data-aos-duration=\"400\" data-aos-delay=\"0\" data-aos-easing=\"ease\" data-aos-once=\"true\" class=\"wp-block-uagb-icon-list-child uagb-block-9595fb36\"><span class=\"uagb-icon-list__source-wrap\"><svg xmlns=\"https:\/\/www.w3.org\/2000\/svg\" viewBox=\"0 0 512 512\"><path d=\"M256 0C114.6 0 0 114.6 0 256c0 141.4 114.6 256 256 256s256-114.6 256-256C512 114.6 397.4 0 256 0zM406.6 278.6l-103.1 103.1c-12.5 12.5-32.75 12.5-45.25 0s-12.5-32.75 0-45.25L306.8 288H128C110.3 288 96 273.7 96 256s14.31-32 32-32h178.8l-49.38-49.38c-12.5-12.5-12.5-32.75 0-45.25s32.75-12.5 45.25 0l103.1 103.1C414.6 241.3 416 251.1 416 256C416 260.9 414.6 270.7 406.6 278.6z\"><\/path><\/svg><\/span><span class=\"uagb-icon-list__label\">Analizamos y categorizamos los riesgos y amenazas potenciales espec\u00edficos de tu organizaci\u00f3n, permiti\u00e9ndote anticipar y mitigar proactivamente posibles incidentes de seguridad.<\/span><\/div>\n\n\n\n<div data-aos= \"fade-down\" data-aos-duration=\"400\" data-aos-delay=\"0\" data-aos-easing=\"ease\" data-aos-once=\"true\" class=\"wp-block-uagb-icon-list-child uagb-block-d308c0dc\"><span class=\"uagb-icon-list__source-wrap\"><svg xmlns=\"https:\/\/www.w3.org\/2000\/svg\" viewBox=\"0 0 448 512\"><path d=\"M438.6 105.4C451.1 117.9 451.1 138.1 438.6 150.6L182.6 406.6C170.1 419.1 149.9 419.1 137.4 406.6L9.372 278.6C-3.124 266.1-3.124 245.9 9.372 233.4C21.87 220.9 42.13 220.9 54.63 233.4L159.1 338.7L393.4 105.4C405.9 92.88 426.1 92.88 438.6 105.4H438.6z\"><\/path><\/svg><\/span><span class=\"uagb-icon-list__label\"><strong><strong><strong>Cumplimiento<\/strong><\/strong><\/strong><\/span><\/div>\n\n\n\n<div data-aos= \"fade-down\" data-aos-duration=\"400\" data-aos-delay=\"0\" data-aos-easing=\"ease\" data-aos-once=\"true\" class=\"wp-block-uagb-icon-list-child uagb-block-74c6dcae\"><span class=\"uagb-icon-list__source-wrap\"><svg xmlns=\"https:\/\/www.w3.org\/2000\/svg\" viewBox=\"0 0 512 512\"><path d=\"M256 0C114.6 0 0 114.6 0 256c0 141.4 114.6 256 256 256s256-114.6 256-256C512 114.6 397.4 0 256 0zM406.6 278.6l-103.1 103.1c-12.5 12.5-32.75 12.5-45.25 0s-12.5-32.75 0-45.25L306.8 288H128C110.3 288 96 273.7 96 256s14.31-32 32-32h178.8l-49.38-49.38c-12.5-12.5-12.5-32.75 0-45.25s32.75-12.5 45.25 0l103.1 103.1C414.6 241.3 416 251.1 416 256C416 260.9 414.6 270.7 406.6 278.6z\"><\/path><\/svg><\/span><span class=\"uagb-icon-list__label\">Verificamos que tu organizaci\u00f3n cumpla con las pol\u00edticas de seguridad establecidas y te brindamos recomendaciones detalladas para alinearte con las mejores pr\u00e1cticas y est\u00e1ndares de la industria.<\/span><\/div>\n\n\n\n<div data-aos= \"fade-down\" data-aos-duration=\"400\" data-aos-delay=\"0\" data-aos-easing=\"ease\" data-aos-once=\"true\" class=\"wp-block-uagb-icon-list-child uagb-block-cd8466cc\"><span class=\"uagb-icon-list__source-wrap\"><svg xmlns=\"https:\/\/www.w3.org\/2000\/svg\" viewBox=\"0 0 448 512\"><path d=\"M438.6 105.4C451.1 117.9 451.1 138.1 438.6 150.6L182.6 406.6C170.1 419.1 149.9 419.1 137.4 406.6L9.372 278.6C-3.124 266.1-3.124 245.9 9.372 233.4C21.87 220.9 42.13 220.9 54.63 233.4L159.1 338.7L393.4 105.4C405.9 92.88 426.1 92.88 438.6 105.4H438.6z\"><\/path><\/svg><\/span><span class=\"uagb-icon-list__label\"><strong><strong><strong><strong>Control Preciso de Accesos y Permisos<\/strong><\/strong><\/strong><\/strong><\/span><\/div>\n\n\n\n<div data-aos= \"fade-down\" data-aos-duration=\"400\" data-aos-delay=\"0\" data-aos-easing=\"ease\" data-aos-once=\"true\" class=\"wp-block-uagb-icon-list-child uagb-block-95da85ee\"><span class=\"uagb-icon-list__source-wrap\"><svg xmlns=\"https:\/\/www.w3.org\/2000\/svg\" viewBox=\"0 0 512 512\"><path d=\"M256 0C114.6 0 0 114.6 0 256c0 141.4 114.6 256 256 256s256-114.6 256-256C512 114.6 397.4 0 256 0zM406.6 278.6l-103.1 103.1c-12.5 12.5-32.75 12.5-45.25 0s-12.5-32.75 0-45.25L306.8 288H128C110.3 288 96 273.7 96 256s14.31-32 32-32h178.8l-49.38-49.38c-12.5-12.5-12.5-32.75 0-45.25s32.75-12.5 45.25 0l103.1 103.1C414.6 241.3 416 251.1 416 256C416 260.9 414.6 270.7 406.6 278.6z\"><\/path><\/svg><\/span><span class=\"uagb-icon-list__label\">Revisamos minuciosamente los accesos y permisos en tus sistemas y redes, asegurando que solo las personas autorizadas tengan el acceso adecuado, fortaleciendo la seguridad de tus datos y activos.<\/span><\/div>\n<\/div><\/div>\n<\/div><\/div>\n\n\n\n<div class=\"wp-block-uagb-container uagb-block-7f34c11f alignfull uagb-is-root-container\"><div class=\"uagb-container-inner-blocks-wrap\">\n<div class=\"wp-block-uagb-advanced-heading uagb-block-a3c51fcc\"><h2 class=\"uagb-heading-text\">\u00a1Conf\u00eda en Nosotros para Fortalecer tu Seguridad Digital!<\/h2><\/div>\n<\/div><\/div>\n","protected":false},"excerpt":{"rendered":"<p>Auditor\u00edas de Seguridad Analizando Profundamente la Postura de Seguridad de tu Empresa En el mundo actual, la ciberseguridad es fundamental para mantener la integridad, confidencialidad y disponibilidad de los datos cr\u00edticos de tu empresa. En Ciberingenier\u00eda, comprendemos la importancia de asegurar tu entorno digital ante las amenazas en constante evoluci\u00f3n. Nuestro servicio de Auditor\u00edas de [&hellip;]<\/p>\n","protected":false},"author":1,"featured_media":0,"parent":0,"menu_order":0,"comment_status":"closed","ping_status":"closed","template":"","meta":{"_uag_custom_page_level_css":"","site-sidebar-layout":"no-sidebar","site-content-layout":"","ast-site-content-layout":"full-width-container","site-content-style":"default","site-sidebar-style":"default","ast-global-header-display":"","ast-banner-title-visibility":"","ast-main-header-display":"","ast-hfb-above-header-display":"","ast-hfb-below-header-display":"","ast-hfb-mobile-header-display":"","site-post-title":"disabled","ast-breadcrumbs-content":"","ast-featured-img":"","footer-sml-layout":"","theme-transparent-header-meta":"","adv-header-id-meta":"","stick-header-meta":"","header-above-stick-meta":"","header-main-stick-meta":"","header-below-stick-meta":"","astra-migrate-meta-layouts":"set","ast-page-background-enabled":"default","ast-page-background-meta":{"desktop":{"background-color":"var(--ast-global-color-4)","background-image":"","background-repeat":"repeat","background-position":"center center","background-size":"auto","background-attachment":"scroll","background-type":"","background-media":"","overlay-type":"","overlay-color":"","overlay-opacity":"","overlay-gradient":""},"tablet":{"background-color":"","background-image":"","background-repeat":"repeat","background-position":"center center","background-size":"auto","background-attachment":"scroll","background-type":"","background-media":"","overlay-type":"","overlay-color":"","overlay-opacity":"","overlay-gradient":""},"mobile":{"background-color":"","background-image":"","background-repeat":"repeat","background-position":"center center","background-size":"auto","background-attachment":"scroll","background-type":"","background-media":"","overlay-type":"","overlay-color":"","overlay-opacity":"","overlay-gradient":""}},"ast-content-background-meta":{"desktop":{"background-color":"var(--ast-global-color-5)","background-image":"","background-repeat":"repeat","background-position":"center center","background-size":"auto","background-attachment":"scroll","background-type":"","background-media":"","overlay-type":"","overlay-color":"","overlay-opacity":"","overlay-gradient":""},"tablet":{"background-color":"var(--ast-global-color-5)","background-image":"","background-repeat":"repeat","background-position":"center center","background-size":"auto","background-attachment":"scroll","background-type":"","background-media":"","overlay-type":"","overlay-color":"","overlay-opacity":"","overlay-gradient":""},"mobile":{"background-color":"var(--ast-global-color-5)","background-image":"","background-repeat":"repeat","background-position":"center center","background-size":"auto","background-attachment":"scroll","background-type":"","background-media":"","overlay-type":"","overlay-color":"","overlay-opacity":"","overlay-gradient":""}},"_themeisle_gutenberg_block_has_review":false,"footnotes":""},"uagb_featured_image_src":{"full":false,"thumbnail":false,"medium":false,"medium_large":false,"large":false,"1536x1536":false,"2048x2048":false},"uagb_author_info":{"display_name":"CeciliaManzano","author_link":"https:\/\/ciberingenieria.com.ar\/index.php\/author\/ceciliamanzano\/"},"uagb_comment_info":0,"uagb_excerpt":"Auditor\u00edas de Seguridad Analizando Profundamente la Postura de Seguridad de tu Empresa En el mundo actual, la ciberseguridad es fundamental para mantener la integridad, confidencialidad y disponibilidad de los datos cr\u00edticos de tu empresa. En Ciberingenier\u00eda, comprendemos la importancia de asegurar tu entorno digital ante las amenazas en constante evoluci\u00f3n. Nuestro servicio de Auditor\u00edas de&hellip;","_links":{"self":[{"href":"https:\/\/ciberingenieria.com.ar\/index.php\/wp-json\/wp\/v2\/pages\/2013"}],"collection":[{"href":"https:\/\/ciberingenieria.com.ar\/index.php\/wp-json\/wp\/v2\/pages"}],"about":[{"href":"https:\/\/ciberingenieria.com.ar\/index.php\/wp-json\/wp\/v2\/types\/page"}],"author":[{"embeddable":true,"href":"https:\/\/ciberingenieria.com.ar\/index.php\/wp-json\/wp\/v2\/users\/1"}],"replies":[{"embeddable":true,"href":"https:\/\/ciberingenieria.com.ar\/index.php\/wp-json\/wp\/v2\/comments?post=2013"}],"version-history":[{"count":77,"href":"https:\/\/ciberingenieria.com.ar\/index.php\/wp-json\/wp\/v2\/pages\/2013\/revisions"}],"predecessor-version":[{"id":3784,"href":"https:\/\/ciberingenieria.com.ar\/index.php\/wp-json\/wp\/v2\/pages\/2013\/revisions\/3784"}],"wp:attachment":[{"href":"https:\/\/ciberingenieria.com.ar\/index.php\/wp-json\/wp\/v2\/media?parent=2013"}],"curies":[{"name":"wp","href":"https:\/\/api.w.org\/{rel}","templated":true}]}}