{"id":1941,"date":"2023-09-16T17:27:51","date_gmt":"2023-09-16T20:27:51","guid":{"rendered":"https:\/\/ciberingenieria.com.ar\/?page_id=1941"},"modified":"2023-11-23T11:18:44","modified_gmt":"2023-11-23T14:18:44","slug":"especialista-en-seguridad-de-redes-y-monitoreo","status":"publish","type":"page","link":"https:\/\/ciberingenieria.com.ar\/index.php\/especialista-en-seguridad-de-redes-y-monitoreo\/","title":{"rendered":"Seguridad en Redes y Protecci\u00f3n Perimetral"},"content":{"rendered":"\n<div class=\"wp-block-uagb-container uag-hide-tab uag-hide-mob uagb-block-ecbe6ed6 alignfull uagb-is-root-container\"><div class=\"uagb-container-inner-blocks-wrap\"><\/div><\/div>\n\n\n\n<div class=\"wp-block-columns is-not-stacked-on-mobile is-layout-flex wp-container-2 wp-block-columns-is-layout-flex\">\n<div class=\"wp-block-column is-layout-flow wp-block-column-is-layout-flow\">\n<div class=\"wp-block-uagb-advanced-heading uagb-block-8ba03c8d\"><h2 class=\"uagb-heading-text\">Seguridad en Redes y Protecci\u00f3n Perimetral<\/h2><\/div>\n\n\n\n<p class=\"has-medium-font-size\"><strong>Fortalece y Defiende tu Esencia Digital<\/strong><\/p>\n\n\n\n<div class=\"wp-block-uagb-separator uagb-block-626449f0\"><div class=\"wp-block-uagb-separator__inner\" style=\"--my-background-image:\"><\/div><\/div>\n<\/div>\n<\/div>\n\n\n\n<div class=\"wp-block-uagb-container uagb-block-ddaa01e2 alignwide uagb-is-root-container\">\n<div class=\"wp-block-uagb-advanced-heading uagb-block-56042355\"><h2 class=\"uagb-heading-text\"><strong>La seguridad en redes y protecci\u00f3n perimetral combinan una gama completa de estrategias y tecnolog\u00edas dise\u00f1adas para fortalecer tu infraestructura digital y establecer barreras efectivas contra las amenazas cibern\u00e9ticas.<\/strong><\/h2><\/div>\n\n\n\n<div class=\"wp-block-uagb-advanced-heading uagb-block-20e06b03\"><h2 class=\"uagb-heading-text\"><strong>En Ciberingenier\u00eda, integramos elementos clave para crear una estrategia robusta que protege tus sistemas y datos mientras optimiza las conexiones.<\/strong><\/h2><\/div>\n<\/div>\n\n\n\n<p class=\"has-text-align-center\" style=\"padding-top:0;padding-right:var(--wp--preset--spacing--20);padding-bottom:0;padding-left:var(--wp--preset--spacing--20);font-size:35px;line-height:1.3\"><strong>Lo que Ofrecemos<\/strong><\/p>\n\n\n\n<div class=\"wp-block-columns is-layout-flex wp-container-8 wp-block-columns-is-layout-flex\">\n<div class=\"wp-block-column is-layout-flow wp-block-column-is-layout-flow\">\n<div class=\"wp-block-columns is-layout-flex wp-container-6 wp-block-columns-is-layout-flex\">\n<div class=\"wp-block-column is-layout-flow wp-block-column-is-layout-flow\" style=\"flex-basis:25%\">\n<div class=\"wp-block-uagb-advanced-heading uagb-block-0efc45d2 animated zoomIn\"><h2 class=\"uagb-heading-text\">Configuraci\u00f3n Avanzada de Firewalls<\/h2><\/div>\n<\/div>\n\n\n\n<div class=\"wp-block-column is-layout-flow wp-block-column-is-layout-flow\" style=\"flex-basis:50%\">\n<p style=\"font-size:18px\">Implementamos firewalls avanzados que act\u00faan como guardianes digitales, controlando y filtrando el tr\u00e1fico que entra y sale de tu red. Esto asegura que solo el tr\u00e1fico autorizado tenga acceso a tus sistemas y datos sensibles.<\/p>\n<\/div>\n\n\n\n<div class=\"wp-block-column is-layout-flow wp-block-column-is-layout-flow\">\n<div class=\"wp-block-uagb-image uagb-block-1b682a4a wp-block-uagb-image--layout-default wp-block-uagb-image--effect-static wp-block-uagb-image--align-none\"><figure class=\"wp-block-uagb-image__figure\"><img decoding=\"async\" srcset=\"https:\/\/ciberingenieria.com.ar\/wp-content\/uploads\/2023\/10\/seyi-ariyo-7L82u3GVNe0-unsplash-edited-scaled.jpg \" sizes=\"(max-width: 480px) 150px\" src=\"https:\/\/ciberingenieria.com.ar\/wp-content\/uploads\/2023\/10\/seyi-ariyo-7L82u3GVNe0-unsplash-edited-scaled.jpg\" alt=\"\" class=\"uag-image-3403\" width=\"1024\" height=\"1024\" title=\"\" loading=\"lazy\"\/><\/figure><\/div>\n<\/div>\n<\/div>\n<\/div>\n<\/div>\n\n\n\n<div class=\"wp-block-columns uag-hide-desktop is-layout-flex wp-container-14 wp-block-columns-is-layout-flex\">\n<div class=\"wp-block-column is-layout-flow wp-block-column-is-layout-flow\">\n<div class=\"wp-block-columns is-layout-flex wp-container-12 wp-block-columns-is-layout-flex\">\n<div class=\"wp-block-column is-layout-flow wp-block-column-is-layout-flow\" style=\"flex-basis:25%\">\n<div class=\"wp-block-uagb-advanced-heading uagb-block-b1c12f2b animated zoomIn\"><h2 class=\"uagb-heading-text\">Detecci\u00f3n de Intrusos (IDS)<\/h2><\/div>\n<\/div>\n\n\n\n<div class=\"wp-block-column is-layout-flow wp-block-column-is-layout-flow\" style=\"flex-basis:50%\">\n<p style=\"font-size:18px\">Utilizamos sistemas de detecci\u00f3n de intrusos para monitorear el tr\u00e1fico y detectar patrones y comportamientos an\u00f3malos, permiti\u00e9ndonos identificar posibles amenazas y responder de manera proactiva.<\/p>\n<\/div>\n\n\n\n<div class=\"wp-block-column is-layout-flow wp-block-column-is-layout-flow\" style=\"flex-basis:25%\">\n<div class=\"wp-block-uagb-image uagb-block-3caa0f5e wp-block-uagb-image--layout-default wp-block-uagb-image--effect-static wp-block-uagb-image--align-none\"><figure class=\"wp-block-uagb-image__figure\"><img decoding=\"async\" srcset=\"https:\/\/ciberingenieria.com.ar\/wp-content\/uploads\/2023\/11\/max-fleischmann-4wcI3YQAWpI-unsplash-edited-1024x1024.jpg \" sizes=\"(max-width: 480px) 150px\" src=\"https:\/\/ciberingenieria.com.ar\/wp-content\/uploads\/2023\/11\/max-fleischmann-4wcI3YQAWpI-unsplash-edited-1024x1024.jpg\" alt=\"\" class=\"uag-image-3770\" width=\"1024\" height=\"1024\" title=\"\" loading=\"lazy\"\/><\/figure><\/div>\n<\/div>\n<\/div>\n<\/div>\n<\/div>\n\n\n\n<div class=\"wp-block-columns uag-hide-tab uag-hide-mob is-layout-flex wp-container-20 wp-block-columns-is-layout-flex\">\n<div class=\"wp-block-column is-layout-flow wp-block-column-is-layout-flow\">\n<div class=\"wp-block-columns is-layout-flex wp-container-18 wp-block-columns-is-layout-flex\">\n<div class=\"wp-block-column is-layout-flow wp-block-column-is-layout-flow\" style=\"flex-basis:25%\">\n<div class=\"wp-block-uagb-image uagb-block-eb7d6083 wp-block-uagb-image--layout-default wp-block-uagb-image--effect-static wp-block-uagb-image--align-none\"><figure class=\"wp-block-uagb-image__figure\"><img decoding=\"async\" srcset=\"https:\/\/ciberingenieria.com.ar\/wp-content\/uploads\/2023\/10\/max-fleischmann-4wcI3YQAWpI-unsplash-edited-1024x1024.jpg \" sizes=\"(max-width: 480px) 150px\" src=\"https:\/\/ciberingenieria.com.ar\/wp-content\/uploads\/2023\/10\/max-fleischmann-4wcI3YQAWpI-unsplash-edited-1024x1024.jpg\" alt=\"\" class=\"uag-image-3411\" width=\"1024\" height=\"1024\" title=\"\" loading=\"lazy\"\/><\/figure><\/div>\n<\/div>\n\n\n\n<div class=\"wp-block-column is-layout-flow wp-block-column-is-layout-flow\" style=\"flex-basis:50%\">\n<p style=\"font-size:18px\">Utilizamos sistemas de detecci\u00f3n de intrusos para monitorear el tr\u00e1fico y detectar patrones y comportamientos an\u00f3malos, permiti\u00e9ndonos identificar posibles amenazas y responder de manera proactiva.<\/p>\n<\/div>\n\n\n\n<div class=\"wp-block-column is-layout-flow wp-block-column-is-layout-flow\">\n<div class=\"wp-block-uagb-advanced-heading uagb-block-6ad91eca animated zoomIn\"><h2 class=\"uagb-heading-text\">Detecci\u00f3n de Intrusos (IDS)<\/h2><\/div>\n<\/div>\n<\/div>\n<\/div>\n<\/div>\n\n\n\n<div class=\"wp-block-columns is-layout-flex wp-container-26 wp-block-columns-is-layout-flex\">\n<div class=\"wp-block-column is-layout-flow wp-block-column-is-layout-flow\">\n<div class=\"wp-block-columns is-layout-flex wp-container-24 wp-block-columns-is-layout-flex\">\n<div class=\"wp-block-column is-layout-flow wp-block-column-is-layout-flow\" style=\"flex-basis:25%\">\n<div class=\"wp-block-uagb-advanced-heading uagb-block-027cdc2b animated zoomIn\"><h2 class=\"uagb-heading-text\">Proxy Reverso y Balanceo de Carga<\/h2><\/div>\n<\/div>\n\n\n\n<div class=\"wp-block-column is-layout-flow wp-block-column-is-layout-flow\" style=\"flex-basis:50%\">\n<p style=\"font-size:18px\">Implementamos proxies reversos que act\u00faan como intermediarios entre tus servidores y el mundo exterior, proporcionando una capa adicional de seguridad y optimizaci\u00f3n de carga. Configuramos balanceadores de carga para distribuir equitativamente la carga de tr\u00e1fico, asegurando un rendimiento \u00f3ptimo y alta disponibilidad.<\/p>\n<\/div>\n\n\n\n<div class=\"wp-block-column is-layout-flow wp-block-column-is-layout-flow\">\n<div class=\"wp-block-uagb-image uagb-block-12218088 wp-block-uagb-image--layout-default wp-block-uagb-image--effect-static wp-block-uagb-image--align-none\"><figure class=\"wp-block-uagb-image__figure\"><img decoding=\"async\" srcset=\"https:\/\/ciberingenieria.com.ar\/wp-content\/uploads\/2023\/10\/fahrul-azmi-lNpkIWnFzTo-unsplash-1-edited-1024x1024.jpg \" sizes=\"(max-width: 480px) 150px\" src=\"https:\/\/ciberingenieria.com.ar\/wp-content\/uploads\/2023\/10\/fahrul-azmi-lNpkIWnFzTo-unsplash-1-edited-1024x1024.jpg\" alt=\"\" class=\"uag-image-3407\" width=\"1024\" height=\"1024\" title=\"\" loading=\"lazy\"\/><\/figure><\/div>\n<\/div>\n<\/div>\n<\/div>\n<\/div>\n\n\n\n<div class=\"wp-block-columns uag-hide-desktop is-layout-flex wp-container-32 wp-block-columns-is-layout-flex\">\n<div class=\"wp-block-column is-layout-flow wp-block-column-is-layout-flow\">\n<div class=\"wp-block-columns is-layout-flex wp-container-30 wp-block-columns-is-layout-flex\">\n<div class=\"wp-block-column is-layout-flow wp-block-column-is-layout-flow\" style=\"flex-basis:25%\">\n<div class=\"wp-block-uagb-advanced-heading uagb-block-51752db5 animated zoomIn\"><h2 class=\"uagb-heading-text\">Segmentaci\u00f3n de Red y Arquitectura Segura<\/h2><\/div>\n<\/div>\n\n\n\n<div class=\"wp-block-column is-layout-flow wp-block-column-is-layout-flow\" style=\"flex-basis:50%\">\n<p style=\"font-size:18px\">Aplicamos estrategias de segmentaci\u00f3n de red para aislar \u00e1reas cr\u00edticas y establecer una arquitectura de red segura. Esto reduce la superficie de ataque y fortalece tu infraestructura contra posibles vulnerabilidades.<\/p>\n<\/div>\n\n\n\n<div class=\"wp-block-column is-layout-flow wp-block-column-is-layout-flow\">\n<div class=\"wp-block-uagb-image uagb-block-93650263 wp-block-uagb-image--layout-default wp-block-uagb-image--effect-static wp-block-uagb-image--align-none\"><figure class=\"wp-block-uagb-image__figure\"><img decoding=\"async\" srcset=\"https:\/\/ciberingenieria.com.ar\/wp-content\/uploads\/2023\/11\/markus-spiske-MDHLwA3Awb8-unsplash-copia-edited-1.jpg \" sizes=\"(max-width: 480px) 150px\" src=\"https:\/\/ciberingenieria.com.ar\/wp-content\/uploads\/2023\/11\/markus-spiske-MDHLwA3Awb8-unsplash-copia-edited-1.jpg\" alt=\"\" class=\"uag-image-3772\" width=\"774\" height=\"1024\" title=\"\" loading=\"lazy\"\/><\/figure><\/div>\n<\/div>\n<\/div>\n<\/div>\n<\/div>\n\n\n\n<div class=\"wp-block-columns uag-hide-tab uag-hide-mob is-layout-flex wp-container-38 wp-block-columns-is-layout-flex\">\n<div class=\"wp-block-column is-layout-flow wp-block-column-is-layout-flow\">\n<div class=\"wp-block-columns is-layout-flex wp-container-36 wp-block-columns-is-layout-flex\">\n<div class=\"wp-block-column is-layout-flow wp-block-column-is-layout-flow\" style=\"flex-basis:25%\">\n<div class=\"wp-block-uagb-image uagb-block-538231dc wp-block-uagb-image--layout-default wp-block-uagb-image--effect-static wp-block-uagb-image--align-none\"><figure class=\"wp-block-uagb-image__figure\"><img decoding=\"async\" srcset=\"https:\/\/ciberingenieria.com.ar\/wp-content\/uploads\/2023\/11\/markus-spiske-MDHLwA3Awb8-unsplash-copia-edited.jpg \" sizes=\"(max-width: 480px) 150px\" src=\"https:\/\/ciberingenieria.com.ar\/wp-content\/uploads\/2023\/11\/markus-spiske-MDHLwA3Awb8-unsplash-copia-edited.jpg\" alt=\"\" class=\"uag-image-3771\" width=\"1024\" height=\"1024\" title=\"\" loading=\"lazy\"\/><\/figure><\/div>\n<\/div>\n\n\n\n<div class=\"wp-block-column is-layout-flow wp-block-column-is-layout-flow\" style=\"flex-basis:50%\">\n<p style=\"font-size:18px\">Aplicamos estrategias de segmentaci\u00f3n de red para aislar \u00e1reas cr\u00edticas y establecer una arquitectura de red segura. Esto reduce la superficie de ataque y fortalece tu infraestructura contra posibles vulnerabilidades.<\/p>\n<\/div>\n\n\n\n<div class=\"wp-block-column is-layout-flow wp-block-column-is-layout-flow\">\n<div class=\"wp-block-uagb-advanced-heading uagb-block-499d95a4 animated zoomIn\"><h2 class=\"uagb-heading-text\">Segmentaci\u00f3n de Red y Arquitectura Segura<\/h2><\/div>\n<\/div>\n<\/div>\n<\/div>\n<\/div>\n\n\n\n<div class=\"wp-block-columns is-layout-flex wp-container-44 wp-block-columns-is-layout-flex\">\n<div class=\"wp-block-column is-layout-flow wp-block-column-is-layout-flow\">\n<div class=\"wp-block-columns is-layout-flex wp-container-42 wp-block-columns-is-layout-flex\">\n<div class=\"wp-block-column is-layout-flow wp-block-column-is-layout-flow\" style=\"flex-basis:25%\">\n<div class=\"wp-block-uagb-advanced-heading uagb-block-c9fd3d48 animated zoomIn\"><h2 class=\"uagb-heading-text\">VPN Segura y Acceso Controlado<\/h2><\/div>\n<\/div>\n\n\n\n<div class=\"wp-block-column is-layout-flow wp-block-column-is-layout-flow\" style=\"flex-basis:50%\">\n<p style=\"font-size:18px\">Implementamos redes privadas virtuales (VPN) seguras y un acceso controlado, especialmente para empleados que acceden a la red de manera remota. Esto asegura que las conexiones sean seguras y confiables.<\/p>\n<\/div>\n\n\n\n<div class=\"wp-block-column is-layout-flow wp-block-column-is-layout-flow\">\n<div class=\"wp-block-uagb-image uagb-block-b0e6cc42 wp-block-uagb-image--layout-default wp-block-uagb-image--effect-static wp-block-uagb-image--align-none\"><figure class=\"wp-block-uagb-image__figure\"><img decoding=\"async\" srcset=\"https:\/\/ciberingenieria.com.ar\/wp-content\/uploads\/2023\/10\/mathew-schwartz-sb7RUrRMaC4-unsplash-2-edited-1024x1024.jpg \" sizes=\"(max-width: 480px) 150px\" src=\"https:\/\/ciberingenieria.com.ar\/wp-content\/uploads\/2023\/10\/mathew-schwartz-sb7RUrRMaC4-unsplash-2-edited-1024x1024.jpg\" alt=\"\" class=\"uag-image-3528\" width=\"1024\" height=\"1024\" title=\"\" loading=\"lazy\"\/><\/figure><\/div>\n<\/div>\n<\/div>\n<\/div>\n<\/div>\n\n\n\n<div class=\"wp-block-uagb-container uagb-block-d7af5a86 alignfull uagb-is-root-container\"><div class=\"uagb-container__shape uagb-container__shape-top\"><svg xmlns=\"https:\/\/www.w3.org\/2000\/svg\" viewBox=\"0 0 700 10\" preserveAspectRatio=\"none\"><path class=\"uagb-container__shape-fill\" d=\"M350,10L340,0h20L350,10z\"><\/path><\/svg><\/div><div class=\"uagb-container-inner-blocks-wrap\">\n<p class=\"has-text-align-center has-ast-global-color-5-color has-text-color\" style=\"padding-top:var(--wp--preset--spacing--80);padding-bottom:var(--wp--preset--spacing--80);font-size:35px;line-height:1.6\">Beneficios Clave<\/p>\n\n\n\n<div class=\"wp-block-uagb-icon-list uagb-block-3363fef6\"><div class=\"uagb-icon-list__wrap\">\n<div data-aos= \"fade-down\" data-aos-duration=\"400\" data-aos-delay=\"0\" data-aos-easing=\"ease\" data-aos-once=\"true\" class=\"wp-block-uagb-icon-list-child uagb-block-180e4132\"><span class=\"uagb-icon-list__source-wrap\"><svg xmlns=\"https:\/\/www.w3.org\/2000\/svg\" viewBox=\"0 0 448 512\"><path d=\"M438.6 105.4C451.1 117.9 451.1 138.1 438.6 150.6L182.6 406.6C170.1 419.1 149.9 419.1 137.4 406.6L9.372 278.6C-3.124 266.1-3.124 245.9 9.372 233.4C21.87 220.9 42.13 220.9 54.63 233.4L159.1 338.7L393.4 105.4C405.9 92.88 426.1 92.88 438.6 105.4H438.6z\"><\/path><\/svg><\/span><span class=\"uagb-icon-list__label\"><strong>Defensa Integral y S\u00f3lida<\/strong><\/span><\/div>\n\n\n\n<div data-aos= \"fade-down\" data-aos-duration=\"400\" data-aos-delay=\"0\" data-aos-easing=\"ease\" data-aos-once=\"true\" class=\"wp-block-uagb-icon-list-child uagb-block-37801f4f\"><span class=\"uagb-icon-list__source-wrap\"><svg xmlns=\"https:\/\/www.w3.org\/2000\/svg\" viewBox=\"0 0 512 512\"><path d=\"M256 0C114.6 0 0 114.6 0 256c0 141.4 114.6 256 256 256s256-114.6 256-256C512 114.6 397.4 0 256 0zM406.6 278.6l-103.1 103.1c-12.5 12.5-32.75 12.5-45.25 0s-12.5-32.75 0-45.25L306.8 288H128C110.3 288 96 273.7 96 256s14.31-32 32-32h178.8l-49.38-49.38c-12.5-12.5-12.5-32.75 0-45.25s32.75-12.5 45.25 0l103.1 103.1C414.6 241.3 416 251.1 416 256C416 260.9 414.6 270.7 406.6 278.6z\"><\/path><\/svg><\/span><span class=\"uagb-icon-list__label\">Al integrar todos estos elementos, creamos una estrategia completa para fortalecer tu infraestructura digital y establecer una defensa s\u00f3lida contra amenazas cibern\u00e9ticas, incorporando la seguridad en cada punto de tu red.<\/span><\/div>\n\n\n\n<div data-aos= \"fade-down\" data-aos-duration=\"400\" data-aos-delay=\"0\" data-aos-easing=\"ease\" data-aos-once=\"true\" class=\"wp-block-uagb-icon-list-child uagb-block-77163490\"><span class=\"uagb-icon-list__source-wrap\"><svg xmlns=\"https:\/\/www.w3.org\/2000\/svg\" viewBox=\"0 0 448 512\"><path d=\"M438.6 105.4C451.1 117.9 451.1 138.1 438.6 150.6L182.6 406.6C170.1 419.1 149.9 419.1 137.4 406.6L9.372 278.6C-3.124 266.1-3.124 245.9 9.372 233.4C21.87 220.9 42.13 220.9 54.63 233.4L159.1 338.7L393.4 105.4C405.9 92.88 426.1 92.88 438.6 105.4H438.6z\"><\/path><\/svg><\/span><span class=\"uagb-icon-list__label\"><strong><strong>Visibilidad y Respuesta Efectiva en Tiempo Real<\/strong><\/strong><\/span><\/div>\n\n\n\n<div data-aos= \"fade-down\" data-aos-duration=\"400\" data-aos-delay=\"0\" data-aos-easing=\"ease\" data-aos-once=\"true\" class=\"wp-block-uagb-icon-list-child uagb-block-a13549e9\"><span class=\"uagb-icon-list__source-wrap\"><svg xmlns=\"https:\/\/www.w3.org\/2000\/svg\" viewBox=\"0 0 512 512\"><path d=\"M256 0C114.6 0 0 114.6 0 256c0 141.4 114.6 256 256 256s256-114.6 256-256C512 114.6 397.4 0 256 0zM406.6 278.6l-103.1 103.1c-12.5 12.5-32.75 12.5-45.25 0s-12.5-32.75 0-45.25L306.8 288H128C110.3 288 96 273.7 96 256s14.31-32 32-32h178.8l-49.38-49.38c-12.5-12.5-12.5-32.75 0-45.25s32.75-12.5 45.25 0l103.1 103.1C414.6 241.3 416 251.1 416 256C416 260.9 414.6 270.7 406.6 278.6z\"><\/path><\/svg><\/span><span class=\"uagb-icon-list__label\">Combinamos la detecci\u00f3n temprana de amenazas con medidas preventivas, permitiendo una respuesta efectiva y r\u00e1pida ante cualquier incidente. Esto hace que tu organizaci\u00f3n tenga visibilidad completa y pueda responder de manera eficiente en tiempo real, minimizando el impacto en tu infraestructura.<\/span><\/div>\n\n\n\n<div data-aos= \"fade-down\" data-aos-duration=\"400\" data-aos-delay=\"0\" data-aos-easing=\"ease\" data-aos-once=\"true\" class=\"wp-block-uagb-icon-list-child uagb-block-11ad24c5\"><span class=\"uagb-icon-list__source-wrap\"><svg xmlns=\"https:\/\/www.w3.org\/2000\/svg\" viewBox=\"0 0 448 512\"><path d=\"M438.6 105.4C451.1 117.9 451.1 138.1 438.6 150.6L182.6 406.6C170.1 419.1 149.9 419.1 137.4 406.6L9.372 278.6C-3.124 266.1-3.124 245.9 9.372 233.4C21.87 220.9 42.13 220.9 54.63 233.4L159.1 338.7L393.4 105.4C405.9 92.88 426.1 92.88 438.6 105.4H438.6z\"><\/path><\/svg><\/span><span class=\"uagb-icon-list__label\"><strong><strong><strong>Operaciones Continuas y Sin Interrupciones<\/strong><\/strong><\/strong><\/span><\/div>\n\n\n\n<div data-aos= \"fade-down\" data-aos-duration=\"400\" data-aos-delay=\"0\" data-aos-easing=\"ease\" data-aos-once=\"true\" class=\"wp-block-uagb-icon-list-child uagb-block-acf3d565\"><span class=\"uagb-icon-list__source-wrap\"><svg xmlns=\"https:\/\/www.w3.org\/2000\/svg\" viewBox=\"0 0 512 512\"><path d=\"M256 0C114.6 0 0 114.6 0 256c0 141.4 114.6 256 256 256s256-114.6 256-256C512 114.6 397.4 0 256 0zM406.6 278.6l-103.1 103.1c-12.5 12.5-32.75 12.5-45.25 0s-12.5-32.75 0-45.25L306.8 288H128C110.3 288 96 273.7 96 256s14.31-32 32-32h178.8l-49.38-49.38c-12.5-12.5-12.5-32.75 0-45.25s32.75-12.5 45.25 0l103.1 103.1C414.6 241.3 416 251.1 416 256C416 260.9 414.6 270.7 406.6 278.6z\"><\/path><\/svg><\/span><span class=\"uagb-icon-list__label\">Nuestra estrategia vela por que tus operaciones contin\u00faen sin problemas, permitiendo que tu negocio funcione de manera eficiente y sin interrupciones no planificadas. Esto significa un entorno operativo seguro y estable en todo momento.<\/span><\/div>\n<\/div><\/div>\n<\/div><\/div>\n\n\n\n<div class=\"wp-block-uagb-container uagb-block-5122af06 alignfull uagb-is-root-container\"><div class=\"uagb-container-inner-blocks-wrap\">\n<div class=\"wp-block-uagb-advanced-heading uagb-block-fbd805a8\"><h2 class=\"uagb-heading-text\">\u00a1Fortalece y Defiende tu Esencia Digital con Nosotros!<\/h2><\/div>\n<\/div><\/div>\n","protected":false},"excerpt":{"rendered":"<p>Seguridad en Redes y Protecci\u00f3n Perimetral Fortalece y Defiende tu Esencia Digital La seguridad en redes y protecci\u00f3n perimetral combinan una gama completa de estrategias y tecnolog\u00edas dise\u00f1adas para fortalecer tu infraestructura digital y establecer barreras efectivas contra las amenazas cibern\u00e9ticas. En Ciberingenier\u00eda, integramos elementos clave para crear una estrategia robusta que protege tus sistemas [&hellip;]<\/p>\n","protected":false},"author":1,"featured_media":0,"parent":0,"menu_order":0,"comment_status":"closed","ping_status":"closed","template":"","meta":{"_uag_custom_page_level_css":"","site-sidebar-layout":"no-sidebar","site-content-layout":"","ast-site-content-layout":"full-width-container","site-content-style":"default","site-sidebar-style":"default","ast-global-header-display":"","ast-banner-title-visibility":"","ast-main-header-display":"","ast-hfb-above-header-display":"","ast-hfb-below-header-display":"","ast-hfb-mobile-header-display":"","site-post-title":"disabled","ast-breadcrumbs-content":"","ast-featured-img":"","footer-sml-layout":"","theme-transparent-header-meta":"","adv-header-id-meta":"","stick-header-meta":"","header-above-stick-meta":"","header-main-stick-meta":"","header-below-stick-meta":"","astra-migrate-meta-layouts":"set","ast-page-background-enabled":"default","ast-page-background-meta":{"desktop":{"background-color":"var(--ast-global-color-4)","background-image":"","background-repeat":"repeat","background-position":"center center","background-size":"auto","background-attachment":"scroll","background-type":"","background-media":"","overlay-type":"","overlay-color":"","overlay-opacity":"","overlay-gradient":""},"tablet":{"background-color":"","background-image":"","background-repeat":"repeat","background-position":"center center","background-size":"auto","background-attachment":"scroll","background-type":"","background-media":"","overlay-type":"","overlay-color":"","overlay-opacity":"","overlay-gradient":""},"mobile":{"background-color":"","background-image":"","background-repeat":"repeat","background-position":"center center","background-size":"auto","background-attachment":"scroll","background-type":"","background-media":"","overlay-type":"","overlay-color":"","overlay-opacity":"","overlay-gradient":""}},"ast-content-background-meta":{"desktop":{"background-color":"var(--ast-global-color-5)","background-image":"","background-repeat":"repeat","background-position":"center center","background-size":"auto","background-attachment":"scroll","background-type":"","background-media":"","overlay-type":"","overlay-color":"","overlay-opacity":"","overlay-gradient":""},"tablet":{"background-color":"var(--ast-global-color-5)","background-image":"","background-repeat":"repeat","background-position":"center center","background-size":"auto","background-attachment":"scroll","background-type":"","background-media":"","overlay-type":"","overlay-color":"","overlay-opacity":"","overlay-gradient":""},"mobile":{"background-color":"var(--ast-global-color-5)","background-image":"","background-repeat":"repeat","background-position":"center center","background-size":"auto","background-attachment":"scroll","background-type":"","background-media":"","overlay-type":"","overlay-color":"","overlay-opacity":"","overlay-gradient":""}},"_themeisle_gutenberg_block_has_review":false,"footnotes":""},"uagb_featured_image_src":{"full":false,"thumbnail":false,"medium":false,"medium_large":false,"large":false,"1536x1536":false,"2048x2048":false},"uagb_author_info":{"display_name":"CeciliaManzano","author_link":"https:\/\/ciberingenieria.com.ar\/index.php\/author\/ceciliamanzano\/"},"uagb_comment_info":0,"uagb_excerpt":"Seguridad en Redes y Protecci\u00f3n Perimetral Fortalece y Defiende tu Esencia Digital La seguridad en redes y protecci\u00f3n perimetral combinan una gama completa de estrategias y tecnolog\u00edas dise\u00f1adas para fortalecer tu infraestructura digital y establecer barreras efectivas contra las amenazas cibern\u00e9ticas. En Ciberingenier\u00eda, integramos elementos clave para crear una estrategia robusta que protege tus sistemas&hellip;","_links":{"self":[{"href":"https:\/\/ciberingenieria.com.ar\/index.php\/wp-json\/wp\/v2\/pages\/1941"}],"collection":[{"href":"https:\/\/ciberingenieria.com.ar\/index.php\/wp-json\/wp\/v2\/pages"}],"about":[{"href":"https:\/\/ciberingenieria.com.ar\/index.php\/wp-json\/wp\/v2\/types\/page"}],"author":[{"embeddable":true,"href":"https:\/\/ciberingenieria.com.ar\/index.php\/wp-json\/wp\/v2\/users\/1"}],"replies":[{"embeddable":true,"href":"https:\/\/ciberingenieria.com.ar\/index.php\/wp-json\/wp\/v2\/comments?post=1941"}],"version-history":[{"count":41,"href":"https:\/\/ciberingenieria.com.ar\/index.php\/wp-json\/wp\/v2\/pages\/1941\/revisions"}],"predecessor-version":[{"id":3774,"href":"https:\/\/ciberingenieria.com.ar\/index.php\/wp-json\/wp\/v2\/pages\/1941\/revisions\/3774"}],"wp:attachment":[{"href":"https:\/\/ciberingenieria.com.ar\/index.php\/wp-json\/wp\/v2\/media?parent=1941"}],"curies":[{"name":"wp","href":"https:\/\/api.w.org\/{rel}","templated":true}]}}