{"id":1907,"date":"2023-09-16T17:03:50","date_gmt":"2023-09-16T20:03:50","guid":{"rendered":"https:\/\/ciberingenieria.com.ar\/?page_id=1907"},"modified":"2024-08-15T19:37:46","modified_gmt":"2024-08-15T22:37:46","slug":"especializacion-tecnologica-y-monitoreo","status":"publish","type":"page","link":"https:\/\/ciberingenieria.com.ar\/index.php\/especializacion-tecnologica-y-monitoreo\/","title":{"rendered":"Infraestructura y Comunicaciones"},"content":{"rendered":"\n<div class=\"wp-block-uagb-container uagb-block-a2d3ce0e alignfull uagb-is-root-container\"><div class=\"uagb-container-inner-blocks-wrap\">\n<div class=\"wp-block-uagb-advanced-heading uagb-block-14c156f5\"><h2 class=\"uagb-heading-text\">Infraestructura y Comunicaciones<\/h2><p class=\"uagb-desc-text\"><strong>Maximiza tu Potencial Tecnol\u00f3gico con Expertos Especializados<\/strong><\/p><\/div>\n<\/div><\/div>\n\n\n\n<div class=\"wp-block-uagb-container uagb-block-e67fd6d0 alignfull uagb-is-root-container\"><div class=\"uagb-container-inner-blocks-wrap\">\n<p class=\"has-text-align-left has-ast-global-color-7-color has-text-color\" style=\"padding-right:var(--wp--preset--spacing--40);padding-left:var(--wp--preset--spacing--40);font-size:16px\">En Ciberingenier\u00eda, reconocemos la importancia de la especializaci\u00f3n tecnol\u00f3gica en un mundo digital en constante evoluci\u00f3n. Nuestro servicio de Especializaci\u00f3n Tecnol\u00f3gica se enfoca en \u00e1reas clave de la tecnolog\u00eda donde nuestros expertos DevOps y nuestro ingeniero certificado pueden brindar soluciones avanzadas y altamente especializadas.<\/p>\n\n\n\n<div class=\"wp-block-uagb-separator uagb-block-7a84c231 wp-block-uagb-separator--text\"><div class=\"wp-block-uagb-separator__inner\" style=\"--my-background-image:\"><div class=\"wp-block-uagb-separator-element\"><h4 class=\"uagb-html-tag\">Campos cubiertos<\/h4><\/div><\/div><\/div>\n<\/div><\/div>\n\n\n\n<div class=\"wp-block-uagb-container uagb-block-69eca375 alignfull uagb-is-root-container\">\n<div class=\"wp-block-uagb-container uagb-block-5488cc34\">\n<div class=\"wp-block-cover is-light wp-duotone-000000-rgba3957227047-2\"><span aria-hidden=\"true\" class=\"wp-block-cover__background has-background-dim\"><\/span><img decoding=\"async\" loading=\"lazy\" width=\"1280\" height=\"853\" class=\"wp-block-cover__image-background wp-image-2578\" alt=\"\" src=\"https:\/\/ciberingenieria.com.ar\/wp-content\/uploads\/2023\/10\/brick-1314260_1280.jpg\" data-object-fit=\"cover\" srcset=\"https:\/\/ciberingenieria.com.ar\/wp-content\/uploads\/2023\/10\/brick-1314260_1280.jpg 1280w, https:\/\/ciberingenieria.com.ar\/wp-content\/uploads\/2023\/10\/brick-1314260_1280-300x200.jpg 300w, https:\/\/ciberingenieria.com.ar\/wp-content\/uploads\/2023\/10\/brick-1314260_1280-1024x682.jpg 1024w, https:\/\/ciberingenieria.com.ar\/wp-content\/uploads\/2023\/10\/brick-1314260_1280-768x512.jpg 768w\" sizes=\"(max-width: 1280px) 100vw, 1280px\" \/><div class=\"wp-block-cover__inner-container is-layout-flow wp-block-cover-is-layout-flow\">\n<p class=\"has-text-align-center\" style=\"font-size:28px;line-height:0\"><strong>Seguridad en Redes y<\/strong><\/p>\n\n\n\n<p class=\"has-text-align-center\" style=\"font-size:28px;line-height:1.4\"><strong>Protecci\u00f3n Perimetral<\/strong><\/p>\n\n\n\n<details class=\"wp-block-details\"><summary>\u00bfQu\u00e9 es?<\/summary>\n<p>Nuestro equipo especializado en seguridad de redes est\u00e1 dedicado a fortalecer tu infraestructura y proteger tu red contra amenazas y vulnerabilidades. Nuestro equipo especializado trabaja para asegurar que tus fronteras est\u00e9n protegidas contra amenazas externas. Desde la configuraci\u00f3n e\u00f1 el dise\u00f1o de arquitecturas seguras, la implementacion de firewalls avanzados, hasta la monitorizaci\u00f3n constante de sistemas IDS, te ayudamos a mantener tu per\u00edmetro seguro y resistente.<\/p>\n<\/details>\n\n\n\n<div class=\"wp-block-buttons is-content-justification-center is-layout-flex wp-container-1 wp-block-buttons-is-layout-flex\">\n<div class=\"wp-block-button animated pulse\"><a class=\"wp-block-button__link has-ast-global-color-0-background-color has-background wp-element-button\" href=\"https:\/\/ciberingenieria.com.ar\/index.php\/especialista-en-seguridad-de-redes-y-monitoreo\/\" target=\"_blank\" rel=\"noreferrer noopener\">ir al servicio<\/a><\/div>\n<\/div>\n<\/div><\/div>\n<\/div>\n\n\n\n<div class=\"wp-block-uagb-container uagb-block-71562ab5\">\n<div class=\"wp-block-cover wp-duotone-000000-rgba3957227047-5\"><span aria-hidden=\"true\" class=\"wp-block-cover__background has-background-dim\"><\/span><img decoding=\"async\" loading=\"lazy\" width=\"2560\" height=\"1703\" class=\"wp-block-cover__image-background wp-image-2580\" alt=\"\" src=\"https:\/\/ciberingenieria.com.ar\/wp-content\/uploads\/2023\/10\/pexels-panumas-nikhomkhai-17489153-scaled.jpg\" data-object-fit=\"cover\" srcset=\"https:\/\/ciberingenieria.com.ar\/wp-content\/uploads\/2023\/10\/pexels-panumas-nikhomkhai-17489153-scaled.jpg 2560w, https:\/\/ciberingenieria.com.ar\/wp-content\/uploads\/2023\/10\/pexels-panumas-nikhomkhai-17489153-300x200.jpg 300w, https:\/\/ciberingenieria.com.ar\/wp-content\/uploads\/2023\/10\/pexels-panumas-nikhomkhai-17489153-1024x681.jpg 1024w, https:\/\/ciberingenieria.com.ar\/wp-content\/uploads\/2023\/10\/pexels-panumas-nikhomkhai-17489153-768x511.jpg 768w, https:\/\/ciberingenieria.com.ar\/wp-content\/uploads\/2023\/10\/pexels-panumas-nikhomkhai-17489153-1536x1022.jpg 1536w, https:\/\/ciberingenieria.com.ar\/wp-content\/uploads\/2023\/10\/pexels-panumas-nikhomkhai-17489153-2048x1363.jpg 2048w\" sizes=\"(max-width: 2560px) 100vw, 2560px\" \/><div class=\"wp-block-cover__inner-container is-layout-flow wp-block-cover-is-layout-flow\">\n<p class=\"has-text-align-center\" style=\"font-size:28px;line-height:0\"><strong>Virtualizaci\u00f3n y<\/strong><\/p>\n\n\n\n<p class=\"has-text-align-center\" style=\"margin-top:0;margin-bottom:0;padding-top:0;padding-right:0;padding-bottom:0;padding-left:0;font-size:28px;line-height:1.4\"><strong> C<\/strong><b>ontainerizaci\u00f3n<\/b><\/p>\n\n\n\n<details class=\"wp-block-details\"><summary>\u00bfQu\u00e9 es?<\/summary>\n<p>Optimiza tus recursos y aumenta la eficiencia operativa con nuestras soluciones de virtualizaci\u00f3n y contenerizaci\u00f3n. Nuestros expertos te guiar\u00e1n en la implementaci\u00f3n adecuada de entornos virtualizados y contenedores, maximizando la utilizaci\u00f3n de recursos y simplificando la gesti\u00f3n.<\/p>\n<\/details>\n\n\n\n<div class=\"wp-block-buttons is-content-justification-center is-layout-flex wp-container-4 wp-block-buttons-is-layout-flex\">\n<div class=\"wp-block-button animated pulse\"><a class=\"wp-block-button__link has-ast-global-color-0-background-color has-background wp-element-button\" href=\"https:\/\/ciberingenieria.com.ar\/index.php\/virtualizacion-y-contenerizacion-para-seguridad\/\" target=\"_blank\" rel=\"noreferrer noopener\">ir al servicio<\/a><\/div>\n<\/div>\n<\/div><\/div>\n<\/div>\n\n\n\n<div class=\"wp-block-uagb-container uagb-block-123df445\">\n<div class=\"wp-block-cover wp-duotone-000000-rgba3957227047-8\"><span aria-hidden=\"true\" class=\"wp-block-cover__background has-background-dim\"><\/span><img decoding=\"async\" loading=\"lazy\" width=\"1707\" height=\"2560\" class=\"wp-block-cover__image-background wp-image-2583\" alt=\"\" src=\"https:\/\/ciberingenieria.com.ar\/wp-content\/uploads\/2023\/10\/pexels-kehn-hermano-3881034-scaled.jpg\" data-object-fit=\"cover\" srcset=\"https:\/\/ciberingenieria.com.ar\/wp-content\/uploads\/2023\/10\/pexels-kehn-hermano-3881034-scaled.jpg 1707w, https:\/\/ciberingenieria.com.ar\/wp-content\/uploads\/2023\/10\/pexels-kehn-hermano-3881034-200x300.jpg 200w, https:\/\/ciberingenieria.com.ar\/wp-content\/uploads\/2023\/10\/pexels-kehn-hermano-3881034-683x1024.jpg 683w, https:\/\/ciberingenieria.com.ar\/wp-content\/uploads\/2023\/10\/pexels-kehn-hermano-3881034-768x1152.jpg 768w, https:\/\/ciberingenieria.com.ar\/wp-content\/uploads\/2023\/10\/pexels-kehn-hermano-3881034-1024x1536.jpg 1024w, https:\/\/ciberingenieria.com.ar\/wp-content\/uploads\/2023\/10\/pexels-kehn-hermano-3881034-1365x2048.jpg 1365w\" sizes=\"(max-width: 1707px) 100vw, 1707px\" \/><div class=\"wp-block-cover__inner-container is-layout-flow wp-block-cover-is-layout-flow\">\n<p class=\"has-text-align-center\" style=\"font-size:28px;line-height:0\"><strong>Comunicaciones<\/strong><\/p>\n\n\n\n<p class=\"has-text-align-center\" style=\"margin-top:0;margin-bottom:0;padding-top:0;padding-right:0;padding-bottom:0;padding-left:0;font-size:28px;line-height:1.4\"><strong>Seguras<\/strong><\/p>\n\n\n\n<details class=\"wp-block-details\"><summary>\u00bfQu\u00e9 es?<\/summary>\n<p>Mant\u00e9n la confidencialidad e integridad de tus comunicaciones. Desde la implementaci\u00f3n de conexiones cifradas hasta pr\u00e1cticas seguras de comunicaci\u00f3n, te asesoramos para asegurar que tus datos est\u00e9n protegidos durante las transmisiones.<\/p>\n<\/details>\n\n\n\n<div class=\"wp-block-buttons is-content-justification-center is-layout-flex wp-container-7 wp-block-buttons-is-layout-flex\">\n<div class=\"wp-block-button animated pulse\"><a class=\"wp-block-button__link has-ast-global-color-0-background-color has-background wp-element-button\" href=\"https:\/\/ciberingenieria.com.ar\/index.php\/configuracion-de-vpn-y-comunicaciones-seguras-asegurando-la-conexion-y-privacidad-de-tu-empresa\/\" target=\"_blank\" rel=\"noreferrer noopener\">ir al servicio<\/a><\/div>\n<\/div>\n<\/div><\/div>\n<\/div>\n<\/div>\n\n\n\n<div class=\"wp-block-uagb-separator uagb-block-61268a00 wp-block-uagb-separator--icon\"><div class=\"wp-block-uagb-separator__inner\" style=\"--my-background-image:\"><div class=\"wp-block-uagb-separator-element\"><svg xmlns=\"https:\/\/www.w3.org\/2000\/svg\" viewBox=\"0 0 448 512\"><path d=\"M224 416c-8.188 0-16.38-3.125-22.62-9.375l-192-192c-12.5-12.5-12.5-32.75 0-45.25s32.75-12.5 45.25 0L224 338.8l169.4-169.4c12.5-12.5 32.75-12.5 45.25 0s12.5 32.75 0 45.25l-192 192C240.4 412.9 232.2 416 224 416z\"><\/path><\/svg><\/div><\/div><\/div>\n\n\n\n<div class=\"wp-block-uagb-icon-list uagb-block-3d0e4531\"><div class=\"uagb-icon-list__wrap\">\n<div class=\"wp-block-uagb-icon-list-child uagb-block-a12a9367 animated fadeIn\"><span class=\"uagb-icon-list__source-wrap\"><svg xmlns=\"https:\/\/www.w3.org\/2000\/svg\" viewBox=\"0 0 512 512\"><path d=\"M0 256C0 114.6 114.6 0 256 0C397.4 0 512 114.6 512 256C512 397.4 397.4 512 256 512C114.6 512 0 397.4 0 256zM371.8 211.8C382.7 200.9 382.7 183.1 371.8 172.2C360.9 161.3 343.1 161.3 332.2 172.2L224 280.4L179.8 236.2C168.9 225.3 151.1 225.3 140.2 236.2C129.3 247.1 129.3 264.9 140.2 275.8L204.2 339.8C215.1 350.7 232.9 350.7 243.8 339.8L371.8 211.8z\"><\/path><\/svg><\/span><span class=\"uagb-icon-list__label\"><strong>Experiencia Especializada para Soluciones Vanguardistas:<\/strong> Contamos con especialistas altamente capacitados en cada \u00e1rea de especializaci\u00f3n, asegurando que recibas soluciones tecnol\u00f3gicas de vanguardia que se adapten a tus necesidades y desaf\u00edos \u00fanicos.<\/span><\/div>\n\n\n\n<div class=\"wp-block-uagb-icon-list-child uagb-block-c9f5b30b animated fadeIn\"><span class=\"uagb-icon-list__source-wrap\"><svg xmlns=\"https:\/\/www.w3.org\/2000\/svg\" viewBox=\"0 0 512 512\"><path d=\"M0 256C0 114.6 114.6 0 256 0C397.4 0 512 114.6 512 256C512 397.4 397.4 512 256 512C114.6 512 0 397.4 0 256zM371.8 211.8C382.7 200.9 382.7 183.1 371.8 172.2C360.9 161.3 343.1 161.3 332.2 172.2L224 280.4L179.8 236.2C168.9 225.3 151.1 225.3 140.2 236.2C129.3 247.1 129.3 264.9 140.2 275.8L204.2 339.8C215.1 350.7 232.9 350.7 243.8 339.8L371.8 211.8z\"><\/path><\/svg><\/span><span class=\"uagb-icon-list__label\"><strong>Personalizaci\u00f3n y Adaptabilidad a Tu Medida:<\/strong> Adaptamos nuestras soluciones seg\u00fan tus necesidades espec\u00edficas y los desaf\u00edos de tu entorno tecnol\u00f3gico. Brindamos un enfoque personalizado para garantizar que cada soluci\u00f3n satisfaga plenamente tus requerimientos.<\/span><\/div>\n\n\n\n<div class=\"wp-block-uagb-icon-list-child uagb-block-8d824990 animated fadeIn\"><span class=\"uagb-icon-list__source-wrap\"><svg xmlns=\"https:\/\/www.w3.org\/2000\/svg\" viewBox=\"0 0 512 512\"><path d=\"M0 256C0 114.6 114.6 0 256 0C397.4 0 512 114.6 512 256C512 397.4 397.4 512 256 512C114.6 512 0 397.4 0 256zM371.8 211.8C382.7 200.9 382.7 183.1 371.8 172.2C360.9 161.3 343.1 161.3 332.2 172.2L224 280.4L179.8 236.2C168.9 225.3 151.1 225.3 140.2 236.2C129.3 247.1 129.3 264.9 140.2 275.8L204.2 339.8C215.1 350.7 232.9 350.7 243.8 339.8L371.8 211.8z\"><\/path><\/svg><\/span><span class=\"uagb-icon-list__label\"><strong>Rendimiento Optimizado para Eficiencia y Seguridad:<\/strong> Nuestras soluciones est\u00e1n dise\u00f1adas para maximizar el rendimiento, la eficiencia y la seguridad de tu infraestructura tecnol\u00f3gica. Buscamos siempre optimizar cada aspecto para asegurar un entorno tecnol\u00f3gico seguro y altamente eficaz.<\/span><\/div>\n<\/div><\/div>\n\n\n\n<div class=\"wp-block-uagb-container uagb-block-005ba639 alignfull uagb-is-root-container\"><div class=\"uagb-container__shape uagb-container__shape-top\"><svg xmlns=\"https:\/\/www.w3.org\/2000\/svg\" viewBox=\"0 0 1000 100\" preserveAspectRatio=\"none\"><path class=\"uagb-container__shape-fill\" d=\"M500,98.9L0,6.1V0h1000v6.1L500,98.9z\"><\/path><\/svg><\/div><div class=\"uagb-container-inner-blocks-wrap\">\n<div class=\"wp-block-uagb-advanced-heading uagb-block-80298319\"><h2 class=\"uagb-heading-text\">\u00a1Descubre el Futuro de la Tecnolog\u00eda con Nuestra Especializaci\u00f3n Tecnol\u00f3gica!<\/h2><\/div>\n<\/div><\/div>\n","protected":false},"excerpt":{"rendered":"<p>Infraestructura y Comunicaciones Maximiza tu Potencial Tecnol\u00f3gico con Expertos Especializados En Ciberingenier\u00eda, reconocemos la importancia de la especializaci\u00f3n tecnol\u00f3gica en un mundo digital en constante evoluci\u00f3n. Nuestro servicio de Especializaci\u00f3n Tecnol\u00f3gica se enfoca en \u00e1reas clave de la tecnolog\u00eda donde nuestros expertos DevOps y nuestro ingeniero certificado pueden brindar soluciones avanzadas y altamente especializadas. \u00a1Descubre [&hellip;]<\/p>\n","protected":false},"author":1,"featured_media":0,"parent":0,"menu_order":0,"comment_status":"closed","ping_status":"closed","template":"","meta":{"_uag_custom_page_level_css":"","site-sidebar-layout":"no-sidebar","site-content-layout":"","ast-site-content-layout":"full-width-container","site-content-style":"default","site-sidebar-style":"default","ast-global-header-display":"","ast-banner-title-visibility":"","ast-main-header-display":"","ast-hfb-above-header-display":"","ast-hfb-below-header-display":"","ast-hfb-mobile-header-display":"","site-post-title":"disabled","ast-breadcrumbs-content":"","ast-featured-img":"","footer-sml-layout":"","theme-transparent-header-meta":"","adv-header-id-meta":"","stick-header-meta":"","header-above-stick-meta":"","header-main-stick-meta":"","header-below-stick-meta":"","astra-migrate-meta-layouts":"set","ast-page-background-enabled":"default","ast-page-background-meta":{"desktop":{"background-color":"var(--ast-global-color-4)","background-image":"","background-repeat":"repeat","background-position":"center center","background-size":"auto","background-attachment":"scroll","background-type":"","background-media":"","overlay-type":"","overlay-color":"","overlay-opacity":"","overlay-gradient":""},"tablet":{"background-color":"","background-image":"","background-repeat":"repeat","background-position":"center center","background-size":"auto","background-attachment":"scroll","background-type":"","background-media":"","overlay-type":"","overlay-color":"","overlay-opacity":"","overlay-gradient":""},"mobile":{"background-color":"","background-image":"","background-repeat":"repeat","background-position":"center center","background-size":"auto","background-attachment":"scroll","background-type":"","background-media":"","overlay-type":"","overlay-color":"","overlay-opacity":"","overlay-gradient":""}},"ast-content-background-meta":{"desktop":{"background-color":"var(--ast-global-color-5)","background-image":"","background-repeat":"repeat","background-position":"center center","background-size":"auto","background-attachment":"scroll","background-type":"","background-media":"","overlay-type":"","overlay-color":"","overlay-opacity":"","overlay-gradient":""},"tablet":{"background-color":"var(--ast-global-color-5)","background-image":"","background-repeat":"repeat","background-position":"center center","background-size":"auto","background-attachment":"scroll","background-type":"","background-media":"","overlay-type":"","overlay-color":"","overlay-opacity":"","overlay-gradient":""},"mobile":{"background-color":"var(--ast-global-color-5)","background-image":"","background-repeat":"repeat","background-position":"center center","background-size":"auto","background-attachment":"scroll","background-type":"","background-media":"","overlay-type":"","overlay-color":"","overlay-opacity":"","overlay-gradient":""}},"_themeisle_gutenberg_block_has_review":false,"footnotes":""},"uagb_featured_image_src":{"full":false,"thumbnail":false,"medium":false,"medium_large":false,"large":false,"1536x1536":false,"2048x2048":false},"uagb_author_info":{"display_name":"CeciliaManzano","author_link":"https:\/\/ciberingenieria.com.ar\/index.php\/author\/ceciliamanzano\/"},"uagb_comment_info":0,"uagb_excerpt":"Infraestructura y Comunicaciones Maximiza tu Potencial Tecnol\u00f3gico con Expertos Especializados En Ciberingenier\u00eda, reconocemos la importancia de la especializaci\u00f3n tecnol\u00f3gica en un mundo digital en constante evoluci\u00f3n. Nuestro servicio de Especializaci\u00f3n Tecnol\u00f3gica se enfoca en \u00e1reas clave de la tecnolog\u00eda donde nuestros expertos DevOps y nuestro ingeniero certificado pueden brindar soluciones avanzadas y altamente especializadas. \u00a1Descubre&hellip;","_links":{"self":[{"href":"https:\/\/ciberingenieria.com.ar\/index.php\/wp-json\/wp\/v2\/pages\/1907"}],"collection":[{"href":"https:\/\/ciberingenieria.com.ar\/index.php\/wp-json\/wp\/v2\/pages"}],"about":[{"href":"https:\/\/ciberingenieria.com.ar\/index.php\/wp-json\/wp\/v2\/types\/page"}],"author":[{"embeddable":true,"href":"https:\/\/ciberingenieria.com.ar\/index.php\/wp-json\/wp\/v2\/users\/1"}],"replies":[{"embeddable":true,"href":"https:\/\/ciberingenieria.com.ar\/index.php\/wp-json\/wp\/v2\/comments?post=1907"}],"version-history":[{"count":44,"href":"https:\/\/ciberingenieria.com.ar\/index.php\/wp-json\/wp\/v2\/pages\/1907\/revisions"}],"predecessor-version":[{"id":3837,"href":"https:\/\/ciberingenieria.com.ar\/index.php\/wp-json\/wp\/v2\/pages\/1907\/revisions\/3837"}],"wp:attachment":[{"href":"https:\/\/ciberingenieria.com.ar\/index.php\/wp-json\/wp\/v2\/media?parent=1907"}],"curies":[{"name":"wp","href":"https:\/\/api.w.org\/{rel}","templated":true}]}}