{"id":1898,"date":"2023-09-16T17:01:14","date_gmt":"2023-09-16T20:01:14","guid":{"rendered":"https:\/\/ciberingenieria.com.ar\/?page_id=1898"},"modified":"2023-11-22T09:33:36","modified_gmt":"2023-11-22T12:33:36","slug":"pruebas-de-penetracion-y-evaluacion-de-vulnerabilidades","status":"publish","type":"page","link":"https:\/\/ciberingenieria.com.ar\/index.php\/pruebas-de-penetracion-y-evaluacion-de-vulnerabilidades\/","title":{"rendered":"Hacking \u00c9tico"},"content":{"rendered":"\n<div class=\"wp-block-uagb-advanced-heading uagb-block-15e109cd\"><h2 class=\"uagb-heading-text\">Hacking Etico<\/h2><p class=\"uagb-desc-text\"><strong>Fortaleciendo la Seguridad de tu Empresa con \u00c9tica y Profesionalismo<\/strong><\/p><\/div>\n\n\n\n<div class=\"wp-block-uagb-container uagb-block-24940f84 alignfull uagb-is-root-container\"><div class=\"uagb-container-inner-blocks-wrap\">\n<p class=\"has-ast-global-color-7-color has-text-color\" style=\"margin-right:var(--wp--preset--spacing--40);margin-left:var(--wp--preset--spacing--40);font-size:16px\">El Hacking \u00c9tico es una pr\u00e1ctica fundamental en la seguridad inform\u00e1tica que busca identificar vulnerabilidades y debilidades en los sistemas de una empresa de manera \u00e9tica y controlada. En Ciberingenier\u00eda, ofrecemos un conjunto de servicios especializados de Hacking \u00c9tico para asegurar que tu empresa est\u00e9 protegida contra las amenazas cibern\u00e9ticas.<\/p>\n\n\n\n<div class=\"wp-block-uagb-separator uagb-block-4903d442 wp-block-uagb-separator--text\"><div class=\"wp-block-uagb-separator__inner\" style=\"--my-background-image:\"><div class=\"wp-block-uagb-separator-element\"><h4 class=\"uagb-html-tag\">Aspectos abarcados<\/h4><\/div><\/div><\/div>\n<\/div><\/div>\n\n\n\n<div class=\"wp-block-uagb-container uagb-block-a8e02ca6 alignfull uagb-is-root-container\">\n<div class=\"wp-block-uagb-container uagb-block-cb673f7b\">\n<div class=\"wp-block-cover is-light wp-duotone-000000-rgba3957227047-2\" style=\"min-height:430px\"><span aria-hidden=\"true\" class=\"wp-block-cover__background has-background-dim\"><\/span><img decoding=\"async\" loading=\"lazy\" width=\"2560\" height=\"1700\" class=\"wp-block-cover__image-background wp-image-2546\" alt=\"\" src=\"https:\/\/ciberingenieria.com.ar\/wp-content\/uploads\/2023\/10\/agence-olloweb-d9ILr-dbEdg-unsplash-scaled.jpg\" data-object-fit=\"cover\" srcset=\"https:\/\/ciberingenieria.com.ar\/wp-content\/uploads\/2023\/10\/agence-olloweb-d9ILr-dbEdg-unsplash-scaled.jpg 2560w, https:\/\/ciberingenieria.com.ar\/wp-content\/uploads\/2023\/10\/agence-olloweb-d9ILr-dbEdg-unsplash-300x199.jpg 300w, https:\/\/ciberingenieria.com.ar\/wp-content\/uploads\/2023\/10\/agence-olloweb-d9ILr-dbEdg-unsplash-1024x680.jpg 1024w, https:\/\/ciberingenieria.com.ar\/wp-content\/uploads\/2023\/10\/agence-olloweb-d9ILr-dbEdg-unsplash-768x510.jpg 768w, https:\/\/ciberingenieria.com.ar\/wp-content\/uploads\/2023\/10\/agence-olloweb-d9ILr-dbEdg-unsplash-1536x1020.jpg 1536w, https:\/\/ciberingenieria.com.ar\/wp-content\/uploads\/2023\/10\/agence-olloweb-d9ILr-dbEdg-unsplash-2048x1360.jpg 2048w\" sizes=\"(max-width: 2560px) 100vw, 2560px\" \/><div class=\"wp-block-cover__inner-container is-layout-flow wp-block-cover-is-layout-flow\">\n<p class=\"has-text-align-center\" style=\"margin-top:0;margin-right:0;margin-bottom:0;margin-left:0;padding-top:0;padding-right:0;padding-bottom:0;padding-left:0;font-size:28px;line-height:1.3\"><strong>Auditor\u00edas de <\/strong><\/p>\n\n\n\n<p class=\"has-text-align-center\" style=\"margin-top:0;margin-right:0;margin-bottom:0;margin-left:0;padding-top:0;padding-right:0;padding-bottom:0;padding-left:0;font-size:28px;line-height:1.3\"><strong>Seguridad<\/strong><\/p>\n\n\n\n<details class=\"wp-block-details\"><summary>\u00bfQu\u00e9 es?<\/summary>\n<p>Realizamos evaluaciones integrales de seguridad para identificar posibles vulnerabilidades en tu infraestructura, aplicaciones y sistemas. Nuestros expertos certificados por CompTIA Pentest emplean t\u00e9cnicas avanzadas para realizar una evaluaci\u00f3n precisa y detallada de tu postura de seguridad.<\/p>\n<\/details>\n\n\n\n<div class=\"wp-block-buttons is-content-justification-center is-layout-flex wp-container-1 wp-block-buttons-is-layout-flex\">\n<div class=\"wp-block-button animated pulse is-style-fill\"><a class=\"wp-block-button__link has-ast-global-color-0-background-color has-background wp-element-button\" href=\"https:\/\/ciberingenieria.com.ar\/index.php\/auditorias-de-seguridad-analizando-profundamente-la-postura-de-seguridad-de-tu-empresa\/\" target=\"_blank\" rel=\"noreferrer noopener\">ir al servicio<\/a><\/div>\n<\/div>\n<\/div><\/div>\n<\/div>\n\n\n\n<div class=\"wp-block-uagb-container uagb-block-7b3be8dc\">\n<div class=\"wp-block-cover wp-duotone-000000-rgba3957227047-5\"><span aria-hidden=\"true\" class=\"wp-block-cover__background has-background-dim\"><\/span><img decoding=\"async\" loading=\"lazy\" width=\"1707\" height=\"2560\" class=\"wp-block-cover__image-background wp-image-2543\" alt=\"\" src=\"https:\/\/ciberingenieria.com.ar\/wp-content\/uploads\/2023\/10\/mikhail-fesenko-p6YWrjhmjhM-unsplash-scaled.jpg\" data-object-fit=\"cover\" srcset=\"https:\/\/ciberingenieria.com.ar\/wp-content\/uploads\/2023\/10\/mikhail-fesenko-p6YWrjhmjhM-unsplash-scaled.jpg 1707w, https:\/\/ciberingenieria.com.ar\/wp-content\/uploads\/2023\/10\/mikhail-fesenko-p6YWrjhmjhM-unsplash-200x300.jpg 200w, https:\/\/ciberingenieria.com.ar\/wp-content\/uploads\/2023\/10\/mikhail-fesenko-p6YWrjhmjhM-unsplash-683x1024.jpg 683w, https:\/\/ciberingenieria.com.ar\/wp-content\/uploads\/2023\/10\/mikhail-fesenko-p6YWrjhmjhM-unsplash-768x1152.jpg 768w, https:\/\/ciberingenieria.com.ar\/wp-content\/uploads\/2023\/10\/mikhail-fesenko-p6YWrjhmjhM-unsplash-1024x1536.jpg 1024w, https:\/\/ciberingenieria.com.ar\/wp-content\/uploads\/2023\/10\/mikhail-fesenko-p6YWrjhmjhM-unsplash-1365x2048.jpg 1365w\" sizes=\"(max-width: 1707px) 100vw, 1707px\" \/><div class=\"wp-block-cover__inner-container is-layout-flow wp-block-cover-is-layout-flow\">\n<p class=\"has-text-align-center\" style=\"margin-top:0;margin-right:0;margin-bottom:0;margin-left:0;padding-top:0;padding-right:var(--wp--preset--spacing--80);padding-bottom:0;padding-left:var(--wp--preset--spacing--80);font-size:28px;line-height:1.3\"><strong>Pruebas de <\/strong><\/p>\n\n\n\n<p class=\"has-text-align-center\" style=\"margin-top:0;margin-right:0;margin-bottom:0;margin-left:0;padding-top:0;padding-right:var(--wp--preset--spacing--80);padding-bottom:0;padding-left:var(--wp--preset--spacing--80);font-size:28px;line-height:1.3\"><strong>Penetraci\u00f3n<\/strong><\/p>\n\n\n\n<details class=\"wp-block-details\"><summary>\u00bfQu\u00e9 es?<\/summary>\n<p>Simulamos ataques controlados y avanzados para descubrir puntos d\u00e9biles en tus sistemas y aplicaciones. Nuestro equipo certificado por CompTIA Pentest utiliza metodolog\u00edas reconocidas para asegurar que est\u00e9s preparado para resistir amenazas reales y fortalecer tus defensas.<\/p>\n<\/details>\n\n\n\n<div class=\"wp-block-buttons is-content-justification-center is-layout-flex wp-container-4 wp-block-buttons-is-layout-flex\">\n<div class=\"wp-block-button animated pulse\"><a class=\"wp-block-button__link has-ast-global-color-0-background-color has-background wp-element-button\" href=\"https:\/\/ciberingenieria.com.ar\/index.php\/pruebas-de-penetracion\/\" target=\"_blank\" rel=\"noreferrer noopener\">ir al servicio<\/a><\/div>\n<\/div>\n<\/div><\/div>\n<\/div>\n\n\n\n<div class=\"wp-block-uagb-container uagb-block-050057bb\">\n<div class=\"wp-block-cover is-light wp-duotone-000000-rgba3957227047-8\"><span aria-hidden=\"true\" class=\"wp-block-cover__background has-background-dim\"><\/span><img decoding=\"async\" loading=\"lazy\" width=\"2560\" height=\"1708\" class=\"wp-block-cover__image-background wp-image-3041\" alt=\"\" src=\"https:\/\/ciberingenieria.com.ar\/wp-content\/uploads\/2023\/10\/pexels-alphatradezone-5833274-scaled.jpg\" data-object-fit=\"cover\" srcset=\"https:\/\/ciberingenieria.com.ar\/wp-content\/uploads\/2023\/10\/pexels-alphatradezone-5833274-scaled.jpg 2560w, https:\/\/ciberingenieria.com.ar\/wp-content\/uploads\/2023\/10\/pexels-alphatradezone-5833274-300x200.jpg 300w, https:\/\/ciberingenieria.com.ar\/wp-content\/uploads\/2023\/10\/pexels-alphatradezone-5833274-1024x683.jpg 1024w, https:\/\/ciberingenieria.com.ar\/wp-content\/uploads\/2023\/10\/pexels-alphatradezone-5833274-768x512.jpg 768w, https:\/\/ciberingenieria.com.ar\/wp-content\/uploads\/2023\/10\/pexels-alphatradezone-5833274-1536x1025.jpg 1536w, https:\/\/ciberingenieria.com.ar\/wp-content\/uploads\/2023\/10\/pexels-alphatradezone-5833274-2048x1366.jpg 2048w\" sizes=\"(max-width: 2560px) 100vw, 2560px\" \/><div class=\"wp-block-cover__inner-container is-layout-flow wp-block-cover-is-layout-flow\">\n<p class=\"has-text-align-center\" style=\"margin-top:0;margin-right:0;margin-bottom:0;margin-left:0;padding-top:0;padding-right:var(--wp--preset--spacing--80);padding-bottom:0;padding-left:var(--wp--preset--spacing--80);font-size:28px;line-height:1.3\"><strong>Gesti\u00f3n de <\/strong><\/p>\n\n\n\n<p class=\"has-text-align-center\" style=\"margin-top:0;margin-right:0;margin-bottom:0;margin-left:0;padding-top:0;padding-right:0;padding-bottom:0;padding-left:0;font-size:28px;line-height:1.3\"><strong>Vulnerabilidades<\/strong><\/p>\n\n\n\n<details class=\"wp-block-details\"><summary>\u00bfqu\u00e9 es?<\/summary>\n<p>Ofrecemos un enfoque proactivo para identificar, priorizar y gestionar las vulnerabilidades en tu infraestructura tecnol\u00f3gica. Con la certificaci\u00f3n CompTIA Pentest respaldando nuestro equipo, te brindamos un proceso eficaz y \u00e9tico para minimizar los riesgos y mejorar tu seguridad digital.<\/p>\n<\/details>\n\n\n\n<div class=\"wp-block-buttons is-content-justification-center is-layout-flex wp-container-7 wp-block-buttons-is-layout-flex\">\n<div class=\"wp-block-button animated pulse\"><a class=\"wp-block-button__link has-ast-global-color-0-background-color has-background wp-element-button\" href=\"https:\/\/ciberingenieria.com.ar\/index.php\/identificacion-priorizacion-y-gestion-de-vulnerabilidades\/\" target=\"_blank\" rel=\"noreferrer noopener\">ir al servicio<\/a><\/div>\n<\/div>\n<\/div><\/div>\n<\/div>\n<\/div>\n\n\n\n<div class=\"wp-block-uagb-container uagb-block-aa571820 alignfull uagb-is-root-container\"><div class=\"uagb-container-inner-blocks-wrap\">\n<div class=\"wp-block-uagb-separator uagb-block-762ace1a wp-block-uagb-separator--icon\"><div class=\"wp-block-uagb-separator__inner\" style=\"--my-background-image:\"><div class=\"wp-block-uagb-separator-element\"><svg xmlns=\"https:\/\/www.w3.org\/2000\/svg\" viewBox=\"0 0 448 512\"><path d=\"M224 416c-8.188 0-16.38-3.125-22.62-9.375l-192-192c-12.5-12.5-12.5-32.75 0-45.25s32.75-12.5 45.25 0L224 338.8l169.4-169.4c12.5-12.5 32.75-12.5 45.25 0s12.5 32.75 0 45.25l-192 192C240.4 412.9 232.2 416 224 416z\"><\/path><\/svg><\/div><\/div><\/div>\n<\/div><\/div>\n\n\n\n<div class=\"wp-block-uagb-icon-list uagb-block-88a7867a\"><div class=\"uagb-icon-list__wrap\">\n<div class=\"wp-block-uagb-icon-list-child uagb-block-e0d69832 animated fadeIn\"><span class=\"uagb-icon-list__source-wrap\"><svg xmlns=\"https:\/\/www.w3.org\/2000\/svg\" viewBox=\"0 0 512 512\"><path d=\"M0 256C0 114.6 114.6 0 256 0C397.4 0 512 114.6 512 256C512 397.4 397.4 512 256 512C114.6 512 0 397.4 0 256zM371.8 211.8C382.7 200.9 382.7 183.1 371.8 172.2C360.9 161.3 343.1 161.3 332.2 172.2L224 280.4L179.8 236.2C168.9 225.3 151.1 225.3 140.2 236.2C129.3 247.1 129.3 264.9 140.2 275.8L204.2 339.8C215.1 350.7 232.9 350.7 243.8 339.8L371.8 211.8z\"><\/path><\/svg><\/span><span class=\"uagb-icon-list__label\"><strong>Evaluaciones \u00c9ticas y Profesionales:<\/strong> Nuestro enfoque \u00e9tico asegura que todas las evaluaciones se realicen con profesionalismo y responsabilidad, priorizando la integridad de tus sistemas y datos, generando confianza en la calidad y responsabilidad de nuestros servicios.<\/span><\/div>\n\n\n\n<div class=\"wp-block-uagb-icon-list-child uagb-block-89c13351 animated fadeIn\"><span class=\"uagb-icon-list__source-wrap\"><svg xmlns=\"https:\/\/www.w3.org\/2000\/svg\" viewBox=\"0 0 512 512\"><path d=\"M0 256C0 114.6 114.6 0 256 0C397.4 0 512 114.6 512 256C512 397.4 397.4 512 256 512C114.6 512 0 397.4 0 256zM371.8 211.8C382.7 200.9 382.7 183.1 371.8 172.2C360.9 161.3 343.1 161.3 332.2 172.2L224 280.4L179.8 236.2C168.9 225.3 151.1 225.3 140.2 236.2C129.3 247.1 129.3 264.9 140.2 275.8L204.2 339.8C215.1 350.7 232.9 350.7 243.8 339.8L371.8 211.8z\"><\/path><\/svg><\/span><span class=\"uagb-icon-list__label\"><strong>Protecci\u00f3n Constante y Adaptable:<\/strong> Dise\u00f1amos nuestros servicios para adaptarse a las cambiantes necesidades de tu empresa y proporcionar protecci\u00f3n continua contra las amenazas cibern\u00e9ticas, brindando una defensa robusta y siempre actualizada.<\/span><\/div>\n\n\n\n<div class=\"wp-block-uagb-icon-list-child uagb-block-e757acf0 animated fadeIn\"><span class=\"uagb-icon-list__source-wrap\"><svg xmlns=\"https:\/\/www.w3.org\/2000\/svg\" viewBox=\"0 0 512 512\"><path d=\"M0 256C0 114.6 114.6 0 256 0C397.4 0 512 114.6 512 256C512 397.4 397.4 512 256 512C114.6 512 0 397.4 0 256zM371.8 211.8C382.7 200.9 382.7 183.1 371.8 172.2C360.9 161.3 343.1 161.3 332.2 172.2L224 280.4L179.8 236.2C168.9 225.3 151.1 225.3 140.2 236.2C129.3 247.1 129.3 264.9 140.2 275.8L204.2 339.8C215.1 350.7 232.9 350.7 243.8 339.8L371.8 211.8z\"><\/path><\/svg><\/span><span class=\"uagb-icon-list__label\"><strong>Excelencia Garantizada con Certificaci\u00f3n CompTIA Pentest:<\/strong> Nuestro equipo est\u00e1 certificado por CompTIA Pentest, asegurando la m\u00e1s alta calidad en la ejecuci\u00f3n de nuestros servicios de Hacking \u00c9tico, proporcionando confianza en la excelencia de nuestra prestaci\u00f3n de servicios.<\/span><\/div>\n<\/div><\/div>\n\n\n\n<div class=\"wp-block-uagb-container uagb-block-2df751c4 alignfull uagb-is-root-container\"><div class=\"uagb-container__shape uagb-container__shape-top\"><svg xmlns=\"https:\/\/www.w3.org\/2000\/svg\" viewBox=\"0 0 1000 100\" preserveAspectRatio=\"none\"><path class=\"uagb-container__shape-fill\" d=\"M500,98.9L0,6.1V0h1000v6.1L500,98.9z\"><\/path><\/svg><\/div><div class=\"uagb-container-inner-blocks-wrap\">\n<div class=\"wp-block-uagb-advanced-heading uagb-block-e7d84707\"><h2 class=\"uagb-heading-text\">\u00a1Conf\u00eda en Nosotros para una Defensa \u00cdntegra y \u00c9tica!<\/h2><\/div>\n<\/div><\/div>\n","protected":false},"excerpt":{"rendered":"<p>Hacking Etico Fortaleciendo la Seguridad de tu Empresa con \u00c9tica y Profesionalismo El Hacking \u00c9tico es una pr\u00e1ctica fundamental en la seguridad inform\u00e1tica que busca identificar vulnerabilidades y debilidades en los sistemas de una empresa de manera \u00e9tica y controlada. En Ciberingenier\u00eda, ofrecemos un conjunto de servicios especializados de Hacking \u00c9tico para asegurar que tu [&hellip;]<\/p>\n","protected":false},"author":1,"featured_media":0,"parent":0,"menu_order":0,"comment_status":"closed","ping_status":"closed","template":"","meta":{"_uag_custom_page_level_css":"","site-sidebar-layout":"no-sidebar","site-content-layout":"","ast-site-content-layout":"full-width-container","site-content-style":"unboxed","site-sidebar-style":"unboxed","ast-global-header-display":"","ast-banner-title-visibility":"","ast-main-header-display":"","ast-hfb-above-header-display":"","ast-hfb-below-header-display":"","ast-hfb-mobile-header-display":"","site-post-title":"disabled","ast-breadcrumbs-content":"","ast-featured-img":"","footer-sml-layout":"","theme-transparent-header-meta":"","adv-header-id-meta":"","stick-header-meta":"","header-above-stick-meta":"","header-main-stick-meta":"","header-below-stick-meta":"","astra-migrate-meta-layouts":"set","ast-page-background-enabled":"default","ast-page-background-meta":{"desktop":{"background-color":"var(--ast-global-color-4)","background-image":"","background-repeat":"repeat","background-position":"center center","background-size":"auto","background-attachment":"scroll","background-type":"","background-media":"","overlay-type":"","overlay-color":"","overlay-opacity":"","overlay-gradient":""},"tablet":{"background-color":"","background-image":"","background-repeat":"repeat","background-position":"center center","background-size":"auto","background-attachment":"scroll","background-type":"","background-media":"","overlay-type":"","overlay-color":"","overlay-opacity":"","overlay-gradient":""},"mobile":{"background-color":"","background-image":"","background-repeat":"repeat","background-position":"center center","background-size":"auto","background-attachment":"scroll","background-type":"","background-media":"","overlay-type":"","overlay-color":"","overlay-opacity":"","overlay-gradient":""}},"ast-content-background-meta":{"desktop":{"background-color":"var(--ast-global-color-5)","background-image":"","background-repeat":"repeat","background-position":"center center","background-size":"auto","background-attachment":"scroll","background-type":"","background-media":"","overlay-type":"","overlay-color":"","overlay-opacity":"","overlay-gradient":""},"tablet":{"background-color":"var(--ast-global-color-5)","background-image":"","background-repeat":"repeat","background-position":"center center","background-size":"auto","background-attachment":"scroll","background-type":"","background-media":"","overlay-type":"","overlay-color":"","overlay-opacity":"","overlay-gradient":""},"mobile":{"background-color":"var(--ast-global-color-5)","background-image":"","background-repeat":"repeat","background-position":"center center","background-size":"auto","background-attachment":"scroll","background-type":"","background-media":"","overlay-type":"","overlay-color":"","overlay-opacity":"","overlay-gradient":""}},"_themeisle_gutenberg_block_has_review":false,"footnotes":""},"uagb_featured_image_src":{"full":false,"thumbnail":false,"medium":false,"medium_large":false,"large":false,"1536x1536":false,"2048x2048":false},"uagb_author_info":{"display_name":"CeciliaManzano","author_link":"https:\/\/ciberingenieria.com.ar\/index.php\/author\/ceciliamanzano\/"},"uagb_comment_info":0,"uagb_excerpt":"Hacking Etico Fortaleciendo la Seguridad de tu Empresa con \u00c9tica y Profesionalismo El Hacking \u00c9tico es una pr\u00e1ctica fundamental en la seguridad inform\u00e1tica que busca identificar vulnerabilidades y debilidades en los sistemas de una empresa de manera \u00e9tica y controlada. En Ciberingenier\u00eda, ofrecemos un conjunto de servicios especializados de Hacking \u00c9tico para asegurar que tu&hellip;","_links":{"self":[{"href":"https:\/\/ciberingenieria.com.ar\/index.php\/wp-json\/wp\/v2\/pages\/1898"}],"collection":[{"href":"https:\/\/ciberingenieria.com.ar\/index.php\/wp-json\/wp\/v2\/pages"}],"about":[{"href":"https:\/\/ciberingenieria.com.ar\/index.php\/wp-json\/wp\/v2\/types\/page"}],"author":[{"embeddable":true,"href":"https:\/\/ciberingenieria.com.ar\/index.php\/wp-json\/wp\/v2\/users\/1"}],"replies":[{"embeddable":true,"href":"https:\/\/ciberingenieria.com.ar\/index.php\/wp-json\/wp\/v2\/comments?post=1898"}],"version-history":[{"count":74,"href":"https:\/\/ciberingenieria.com.ar\/index.php\/wp-json\/wp\/v2\/pages\/1898\/revisions"}],"predecessor-version":[{"id":3651,"href":"https:\/\/ciberingenieria.com.ar\/index.php\/wp-json\/wp\/v2\/pages\/1898\/revisions\/3651"}],"wp:attachment":[{"href":"https:\/\/ciberingenieria.com.ar\/index.php\/wp-json\/wp\/v2\/media?parent=1898"}],"curies":[{"name":"wp","href":"https:\/\/api.w.org\/{rel}","templated":true}]}}